{"id":2253,"date":"2026-03-18T10:22:48","date_gmt":"2026-03-18T09:22:48","guid":{"rendered":"https:\/\/entwicklung.sinex.de\/schwarzwaldruhe\/?page_id=2253"},"modified":"2026-03-23T11:33:43","modified_gmt":"2026-03-23T10:33:43","slug":"anfrage","status":"publish","type":"page","link":"https:\/\/entwicklung.sinex.de\/schwarzwaldruhe\/anfrage\/","title":{"rendered":"Anfrage"},"content":{"rendered":"<div id=\"pl-2253\"  class=\"panel-layout\" ><div id=\"pg-2253-0\"  class=\"panel-grid panel-no-style\" ><div id=\"pgc-2253-0-0\"  class=\"panel-grid-cell\" ><div id=\"panel-2253-0-0-0\" class=\"so-panel widget widget_wwm-headline-widget panel-first-child panel-last-child\" data-index=\"0\" ><div\n\t\t\t\n\t\t\tclass=\"so-widget-wwm-headline-widget so-widget-wwm-headline-widget-base\"\n\t\t\t\n\t\t><h1 class=\"wwm-headline1\" style=\"text-align:center;\">Ihre Anfrage<\/h1><h3 class=\"wwm-headline2\" style=\"text-align:center;\">nur ein Klick entfernt<\/h3><\/div><\/div><\/div><\/div><div id=\"pg-2253-1\"  class=\"panel-grid panel-no-style\" ><div id=\"pgc-2253-1-0\"  class=\"panel-grid-cell\" ><div id=\"panel-2253-1-0-0\" class=\"so-panel widget widget_fluentform_widget panel-first-child panel-last-child\" data-index=\"1\" ><div class='fluentform ff-default fluentform_wrapper_3 ffs_default_wrap'><form data-form_id=\"3\" id=\"fluentform_3\" class=\"frm-fluent-form fluent_form_3 ff-el-form-top ff_form_instance_3_1 ff-form-loading ffs_default\" data-form_instance=\"ff_form_instance_3_1\" method=\"POST\" ><fieldset  style=\"border: none!important;margin: 0!important;padding: 0!important;background-color: transparent!important;box-shadow: none!important;outline: none!important; min-inline-size: 100%;\">\n                    <legend class=\"ff_screen_reader_title\" style=\"display: block; margin: 0!important;padding: 0!important;height: 0!important;text-indent: -999999px;width: 0!important;overflow:hidden;\">Anfrageformular (#3)<\/legend>        <div\n                style=\"display: none!important; position: absolute!important; transform: translateX(1000%)!important;\"\n                class=\"ff-el-group ff-hpsf-container\"\n        >\n            <div class=\"ff-el-input--label asterisk-right\">\n                <label for=\"ff_3_item_sf\" aria-label=\"Notify\">\n                    Notify                <\/label>\n            <\/div>\n            <div class=\"ff-el-input--content\">\n                <input type=\"text\"\n                       name=\"item_3__fluent_sf\"\n                       class=\"ff-el-form-control\"\n                       id=\"ff_3_item_sf\"\n                \/>\n            <\/div>\n        <\/div>\n        <input type='hidden' name='__fluent_form_embded_post_id' value='2253' \/><input type=\"hidden\" id=\"_fluentform_3_fluentformnonce\" name=\"_fluentform_3_fluentformnonce\" value=\"1dd3069281\" \/><input type=\"hidden\" name=\"_wp_http_referer\" value=\"\/schwarzwaldruhe\/wp-json\/wp\/v2\/pages\/2253\" \/><div data-name=\"ff_cn_id_1\"  class='ff-t-container ff-column-container ff_columns_total_1 '><div class='ff-t-cell ff-t-column-1' style='flex-basis: 100%;'><div class='ff-el-group  ff_list_3col'><div class=\"ff-el-input--label ff-el-is-required asterisk-right\"><label   aria-label=\"gew\u00fcnschte Ferienwohnung\">gew\u00fcnschte Ferienwohnung<\/label><\/div><div class='ff-el-input--content'><div class='ff-el-form-check ff-el-form-check-'><label class='ff-el-form-check-label' for='input_Anrede_1_53c9e4c814315471bcaab741e641a3cc'><input  type=\"radio\" name=\"input_Anrede_1\" data-name=\"input_Anrede_1\" class=\"ff-el-form-check-input ff-el-form-check-radio\" value=\"Talblick\"  id='input_Anrede_1_53c9e4c814315471bcaab741e641a3cc' aria-label='Talblick' aria-invalid='false' aria-required=true> <span>Talblick<\/span><\/label><\/div><div class='ff-el-form-check ff-el-form-check-'><label class='ff-el-form-check-label' for='input_Anrede_1_8996bf0f1c84c6f0a07ad48dd369efbd'><input  type=\"radio\" name=\"input_Anrede_1\" data-name=\"input_Anrede_1\" class=\"ff-el-form-check-input ff-el-form-check-radio\" value=\"M\u00fchlrad\"  id='input_Anrede_1_8996bf0f1c84c6f0a07ad48dd369efbd' aria-label='M\u00fchlrad' aria-invalid='false' aria-required=true> <span>M\u00fchlrad<\/span><\/label><\/div><div class='ff-el-form-check ff-el-form-check-'><label class='ff-el-form-check-label' for='input_Anrede_1_04b755e169ad505a52369a957ec896ae'><input  type=\"radio\" name=\"input_Anrede_1\" data-name=\"input_Anrede_1\" class=\"ff-el-form-check-input ff-el-form-check-radio\" value=\"M\u00fchlstein\"  id='input_Anrede_1_04b755e169ad505a52369a957ec896ae' aria-label='M\u00fchlstein' aria-invalid='false' aria-required=true> <span>M\u00fchlstein<\/span><\/label><\/div><\/div><\/div><div class='ff-el-group'><div class=\"ff-el-input--label ff-el-is-required asterisk-right\"><label for='ff_3_datetime' id='label_ff_3_datetime' aria-label=\"Anreise\">Anreise<\/label><\/div><div class='ff-el-input--content'><input  aria-label='Anreise Use arrow keys to navigate dates. Press enter to select a date.'  aria-haspopup='dialog' data-type-datepicker data-format='d\/m\/Y' type=\"text\" name=\"datetime\" id=\"ff_3_datetime\" class=\"ff-el-form-control ff-el-datepicker\" placeholder=\"01.01.2026\" data-name=\"datetime\"  aria-invalid='false' aria-required=true><\/div><\/div><div class='ff-el-group'><div class=\"ff-el-input--label ff-el-is-required asterisk-right\"><label for='ff_3_datetime_1' id='label_ff_3_datetime_1' aria-label=\"Abreise\">Abreise<\/label><\/div><div class='ff-el-input--content'><input  aria-label='Abreise Use arrow keys to navigate dates. Press enter to select a date.'  aria-haspopup='dialog' data-type-datepicker data-format='d\/m\/Y' type=\"text\" name=\"datetime_1\" id=\"ff_3_datetime_1\" class=\"ff-el-form-control ff-el-datepicker\" placeholder=\"01.01.2026\" data-name=\"datetime_1\"  aria-invalid='false' aria-required=true><\/div><\/div><div class='ff-el-group'><div class=\"ff-el-input--label ff-el-is-required asterisk-right\"><label for='ff_3_numeric_field' id='label_ff_3_numeric_field' aria-label=\"Anzahl Erwachsene\">Anzahl Erwachsene<\/label><\/div><div class='ff-el-input--content'><input type=\"number\" name=\"numeric_field\" id=\"ff_3_numeric_field\" class=\"ff-el-form-control\" data-name=\"numeric_field\" inputmode=\"numeric\" step=\"any\" min=\"18\" aria-valuemin=\"18\"  aria-invalid=\"false\" aria-required=true><\/div><\/div><div class='ff-el-group'><div class=\"ff-el-input--label ff-el-is-required asterisk-right\"><label for='ff_3_numeric_field_1' id='label_ff_3_numeric_field_1' aria-label=\"Anzahl Kinder\">Anzahl Kinder<\/label><\/div><div class='ff-el-input--content'><input type=\"number\" name=\"numeric_field_1\" id=\"ff_3_numeric_field_1\" class=\"ff-el-form-control\" data-name=\"numeric_field_1\" inputmode=\"numeric\" step=\"any\"  aria-invalid=\"false\" aria-required=true><\/div><\/div><div class='ff-el-group'><div class=\"ff-el-input--label ff-el-is-required asterisk-right\"><label for='ff_3_description' id='label_ff_3_description' aria-label=\"Alter der Kinder\">Alter der Kinder<\/label><\/div><div class='ff-el-input--content'><textarea aria-required=\"true\" aria-labelledby=\"label_ff_3_description\" name=\"description\" id=\"ff_3_description\" class=\"ff-el-form-control\" rows=\"1\" cols=\"2\" data-name=\"description\" ><\/textarea><\/div><\/div><\/div><\/div><div data-name=\"ff_cn_id_2\"  class='ff-t-container ff-column-container ff_columns_total_1 '><div class='ff-t-cell ff-t-column-1' style='flex-basis: 100%;'><div class='ff-el-group'><div class=\"ff-el-input--label asterisk-right\"><label   aria-label=\"Anrede\">Anrede<\/label><\/div><div class='ff-el-input--content'><div class='ff-el-form-check ff-el-form-check-'><label class='ff-el-form-check-label' for='input_Anrede_70b1882893cafd526aaa01a12fe40d4f'><input  type=\"radio\" name=\"input_Anrede\" data-name=\"input_Anrede\" class=\"ff-el-form-check-input ff-el-form-check-radio\" value=\"Herr\"  id='input_Anrede_70b1882893cafd526aaa01a12fe40d4f' aria-label='Herr' aria-invalid='false' aria-required=false> <span>Herr<\/span><\/label><\/div><div class='ff-el-form-check ff-el-form-check-'><label class='ff-el-form-check-label' for='input_Anrede_4c48b0fdd2dbf68c268a622adce01e24'><input  type=\"radio\" name=\"input_Anrede\" data-name=\"input_Anrede\" class=\"ff-el-form-check-input ff-el-form-check-radio\" value=\"Frau\"  id='input_Anrede_4c48b0fdd2dbf68c268a622adce01e24' aria-label='Frau' aria-invalid='false' aria-required=false> <span>Frau<\/span><\/label><\/div><div class='ff-el-form-check ff-el-form-check-'><label class='ff-el-form-check-label' for='input_Anrede_2b011002073567b785529e6bf69fbe72'><input  type=\"radio\" name=\"input_Anrede\" data-name=\"input_Anrede\" class=\"ff-el-form-check-input ff-el-form-check-radio\" value=\"Divers\"  id='input_Anrede_2b011002073567b785529e6bf69fbe72' aria-label='Divers' aria-invalid='false' aria-required=false> <span>Divers<\/span><\/label><\/div><\/div><\/div><\/div><\/div><div data-name=\"ff_cn_id_3\"  class='ff-t-container ff-column-container ff_columns_total_2 '><div class='ff-t-cell ff-t-column-1' style='flex-basis: 50%;'><div class='ff-el-group'><div class=\"ff-el-input--label asterisk-right\"><label for='ff_3_input_Vorname' id='label_ff_3_input_Vorname' >Vorname<\/label><\/div><div class='ff-el-input--content'><input type=\"text\" name=\"input_Vorname\" class=\"ff-el-form-control\" maxlength=\"100\" data-name=\"input_Vorname\" id=\"ff_3_input_Vorname\"  aria-invalid=\"false\" aria-required=false><\/div><\/div><div class='ff-el-group'><div class=\"ff-el-input--label ff-el-is-required asterisk-right\"><label for='ff_3_input_Nachname' id='label_ff_3_input_Nachname' >Nachname<\/label><\/div><div class='ff-el-input--content'><input type=\"text\" name=\"input_Nachname\" class=\"ff-el-form-control\" maxlength=\"100\" data-name=\"input_Nachname\" id=\"ff_3_input_Nachname\"  aria-invalid=\"false\" aria-required=true><\/div><\/div><div class='ff-el-group'><div class=\"ff-el-input--label asterisk-right\"><label for='ff_3_input_Strasse' id='label_ff_3_input_Strasse' aria-label=\"Stra\u00dfe\">Stra\u00dfe<\/label><\/div><div class='ff-el-input--content'><input type=\"text\" name=\"input_Strasse\" class=\"ff-el-form-control\" maxlength=\"255\" data-name=\"input_Strasse\" id=\"ff_3_input_Strasse\"  aria-invalid=\"false\" aria-required=false><\/div><\/div><\/div><div class='ff-t-cell ff-t-column-2' style='flex-basis: 50%;'><div class='ff-el-group'><div class=\"ff-el-input--label asterisk-right\"><label for='ff_3_input_PLZOrt' id='label_ff_3_input_PLZOrt' aria-label=\"PLZ \/ Ort\">PLZ \/ Ort<\/label><\/div><div class='ff-el-input--content'><input type=\"text\" name=\"input_PLZOrt\" class=\"ff-el-form-control\" maxlength=\"255\" data-name=\"input_PLZOrt\" id=\"ff_3_input_PLZOrt\"  aria-invalid=\"false\" aria-required=false><\/div><\/div><div class='ff-el-group'><div class=\"ff-el-input--label ff-el-is-required asterisk-right\"><label for='ff_3_input_Email' id='label_ff_3_input_Email' aria-label=\"E-Mail\">E-Mail<\/label><\/div><div class='ff-el-input--content'><input type=\"text\" name=\"input_Email\" class=\"ff-el-form-control\" maxlength=\"255\" data-name=\"input_Email\" id=\"ff_3_input_Email\"  aria-invalid=\"false\" aria-required=true><\/div><\/div><div class='ff-el-group'><div class=\"ff-el-input--label asterisk-right\"><label for='ff_3_input_Telefon' id='label_ff_3_input_Telefon' aria-label=\"Telefon\">Telefon<\/label><\/div><div class='ff-el-input--content'><input type=\"text\" name=\"input_Telefon\" class=\"ff-el-form-control\" maxlength=\"30\" data-name=\"input_Telefon\" id=\"ff_3_input_Telefon\"  aria-invalid=\"false\" aria-required=false><\/div><\/div><\/div><\/div><div class='ff-el-group ff-el-form-top wwm-checkbox-datenschutz'><div class=\"ff-el-input--label ff-el-is-required asterisk-right\"><label   aria-label=\"Datenschutz\">Datenschutz<\/label><\/div><div class='ff-el-input--content'><div class='ff-el-form-check ff-el-form-check-'><label class='ff-el-form-check-label' for='checkbox_Datenschutz_acb66a1f487e6a5951e4db2d0bdbbbfa'><input  type=\"checkbox\" name=\"checkbox_Datenschutz[]\" data-name=\"checkbox_Datenschutz\" class=\"ff-el-form-check-input ff-el-form-check-checkbox\" value=\"Ich habe die &lt;a href=&quot;\/datenschutz&quot;&gt;Datenschutzerkl\u00e4rung&lt;\/a&gt; zur Kenntnis genommen. Ich stimme zu, dass meine Angaben zur Kontaktaufnahme und f\u00fcr R\u00fcckfragen dauerhaft gespeichert werden.\"  id='checkbox_Datenschutz_acb66a1f487e6a5951e4db2d0bdbbbfa' aria-label='Ich habe die &lt;a href=&quot;\/datenschutz&quot;&gt;Datenschutzerkl\u00e4rung&lt;\/a&gt; zur Kenntnis genommen. Ich stimme zu, dass meine Angaben zur Kontaktaufnahme und f\u00fcr R\u00fcckfragen dauerhaft gespeichert werden.' aria-invalid='false' aria-required=true> <span>Ich habe die <a href=\"\/datenschutz\">Datenschutzerkl\u00e4rung<\/a> zur Kenntnis genommen. Ich stimme zu, dass meine Angaben zur Kontaktaufnahme und f\u00fcr R\u00fcckfragen dauerhaft gespeichert werden.<\/span><\/label><\/div><\/div><\/div><div class='ff-el-group ff-text-left ff_submit_btn_wrapper'><button type=\"submit\" class=\"ff-btn ff-btn-submit ff-btn-md button custom-btn btn-0 ff_btn_style\"  aria-label=\"Nachricht senden\">Nachricht senden<\/button><\/div><\/fieldset><\/form><div id='fluentform_3_errors' class='ff-errors-in-stack ff_form_instance_3_1 ff-form-loading_errors ff_form_instance_3_1_errors'><\/div><\/div>            <script type=\"text\/javascript\">\n                window.fluent_form_ff_form_instance_3_1 = {\"id\":\"3\",\"ajaxUrl\":\"https:\\\/\\\/entwicklung.sinex.de\\\/schwarzwaldruhe\\\/wp-admin\\\/admin-ajax.php\",\"settings\":{\"layout\":{\"labelPlacement\":\"top\",\"helpMessagePlacement\":\"with_label\",\"errorMessagePlacement\":\"inline\",\"asteriskPlacement\":\"asterisk-right\"},\"restrictions\":{\"denyEmptySubmission\":{\"enabled\":false}}},\"form_instance\":\"ff_form_instance_3_1\",\"form_id_selector\":\"fluentform_3\",\"rules\":{\"input_Anrede_1\":{\"required\":{\"value\":true,\"message\":\"Dieses Feld ist erforderlich\",\"global\":false,\"global_message\":\"Dieses Feld ist erforderlich\"}},\"datetime\":{\"required\":{\"value\":true,\"message\":\"Dieses Feld ist erforderlich\",\"global_message\":\"Dieses Feld ist erforderlich\",\"global\":true}},\"datetime_1\":{\"required\":{\"value\":true,\"message\":\"Dieses Feld ist erforderlich\",\"global_message\":\"Dieses Feld ist erforderlich\",\"global\":true}},\"numeric_field\":{\"required\":{\"value\":true,\"message\":\"Dieses Feld ist erforderlich\",\"global_message\":\"Dieses Feld ist erforderlich\",\"global\":true},\"numeric\":{\"value\":true,\"message\":\"Dieses Feld muss einen numerischen Wert enthalten\",\"global_message\":\"Dieses Feld muss einen numerischen Wert enthalten\",\"global\":true},\"min\":{\"value\":\"18\",\"message\":\"Validation fails for minimum value\",\"global_message\":\"Validation fails for minimum value\",\"global\":true},\"max\":{\"value\":\"\",\"message\":\"Validation fails for maximum value\",\"global_message\":\"Validation fails for maximum value\",\"global\":true},\"digits\":{\"value\":\"\",\"message\":\"Validation fails for limited digits\",\"global_message\":\"Validation fails for limited digits\",\"global\":true}},\"numeric_field_1\":{\"required\":{\"value\":true,\"message\":\"Dieses Feld ist erforderlich\",\"global_message\":\"Dieses Feld ist erforderlich\",\"global\":true},\"numeric\":{\"value\":true,\"message\":\"Dieses Feld muss einen numerischen Wert enthalten\",\"global_message\":\"Dieses Feld muss einen numerischen Wert enthalten\",\"global\":true},\"min\":{\"value\":\"\",\"message\":\"Validation fails for minimum value\",\"global_message\":\"Validation fails for minimum value\",\"global\":true},\"max\":{\"value\":\"\",\"message\":\"Validation fails for maximum value\",\"global_message\":\"Validation fails for maximum value\",\"global\":true},\"digits\":{\"value\":\"\",\"message\":\"Validation fails for limited digits\",\"global_message\":\"Validation fails for limited digits\",\"global\":true}},\"description\":{\"required\":{\"value\":true,\"message\":\"Dieses Feld ist erforderlich\",\"global_message\":\"Dieses Feld ist erforderlich\",\"global\":true}},\"input_Anrede\":{\"required\":{\"value\":false,\"message\":\"Dieses Feld ist erforderlich\",\"global\":false,\"global_message\":\"Dieses Feld ist erforderlich\"}},\"input_Vorname\":{\"required\":{\"value\":false,\"message\":\"Dieses Feld ist erforderlich\",\"global\":false,\"global_message\":\"Dieses Feld ist erforderlich\"}},\"input_Nachname\":{\"required\":{\"value\":true,\"message\":\"Dieses Feld ist erforderlich\",\"global\":false,\"global_message\":\"Dieses Feld ist erforderlich\"}},\"input_Strasse\":{\"required\":{\"value\":false,\"message\":\"Dieses Feld ist erforderlich\",\"global\":false,\"global_message\":\"Dieses Feld ist erforderlich\"}},\"input_PLZOrt\":{\"required\":{\"value\":false,\"message\":\"Dieses Feld ist erforderlich\",\"global\":false,\"global_message\":\"Dieses Feld ist erforderlich\"}},\"input_Email\":{\"required\":{\"value\":true,\"message\":\"Dieses Feld ist erforderlich\",\"global\":false,\"global_message\":\"Dieses Feld ist erforderlich\"}},\"input_Telefon\":{\"required\":{\"value\":false,\"message\":\"Dieses Feld ist erforderlich\",\"global\":false,\"global_message\":\"Dieses Feld ist erforderlich\"}},\"checkbox_Datenschutz\":{\"required\":{\"value\":true,\"message\":\"Dieses Feld ist erforderlich\",\"global\":false,\"global_message\":\"Dieses Feld ist erforderlich\"}}},\"debounce_time\":300};\n                            <\/script>\n            <\/div><\/div><\/div><\/div>","protected":false},"excerpt":{"rendered":"<p>Ihre Anfragenur ein Klick entfernt Anfrageformular (#3) Updates gew\u00fcnschte Ferienwohnung Talblick M\u00fchlrad M\u00fchlsteinAnreiseAbreiseAnzahl ErwachseneAnzahl KinderAlter der KinderAnrede Herr Frau DiversVornameNachnameStra\u00dfePLZ \/ OrtE-MailTelefonDatenschutz Ich habe die Datenschutzerkl\u00e4rung zur Kenntnis genommen. Ich stimme zu, dass meine Angaben zur Kontaktaufnahme und f\u00fcr R\u00fcckfragen dauerhaft gespeichert werden.Nachricht senden<\/p>\n","protected":false},"author":3,"featured_media":0,"parent":0,"menu_order":0,"comment_status":"closed","ping_status":"closed","template":"","meta":{"_acf_changed":false,"footnotes":""},"class_list":["post-2253","page","type-page","status-publish","hentry"],"acf":[],"_links":{"self":[{"href":"https:\/\/entwicklung.sinex.de\/schwarzwaldruhe\/wp-json\/wp\/v2\/pages\/2253","targetHints":{"allow":["GET"]}}],"collection":[{"href":"https:\/\/entwicklung.sinex.de\/schwarzwaldruhe\/wp-json\/wp\/v2\/pages"}],"about":[{"href":"https:\/\/entwicklung.sinex.de\/schwarzwaldruhe\/wp-json\/wp\/v2\/types\/page"}],"author":[{"embeddable":true,"href":"https:\/\/entwicklung.sinex.de\/schwarzwaldruhe\/wp-json\/wp\/v2\/users\/3"}],"replies":[{"embeddable":true,"href":"https:\/\/entwicklung.sinex.de\/schwarzwaldruhe\/wp-json\/wp\/v2\/comments?post=2253"}],"version-history":[{"count":5,"href":"https:\/\/entwicklung.sinex.de\/schwarzwaldruhe\/wp-json\/wp\/v2\/pages\/2253\/revisions"}],"predecessor-version":[{"id":2381,"href":"https:\/\/entwicklung.sinex.de\/schwarzwaldruhe\/wp-json\/wp\/v2\/pages\/2253\/revisions\/2381"}],"wp:attachment":[{"href":"https:\/\/entwicklung.sinex.de\/schwarzwaldruhe\/wp-json\/wp\/v2\/media?parent=2253"}],"curies":[{"name":"wp","href":"https:\/\/api.w.org\/{rel}","templated":true}]}}