{"id":1552,"date":"2019-05-31T12:47:30","date_gmt":"2019-05-31T10:47:30","guid":{"rendered":"https:\/\/entwicklung.sinex.de\/schwarzwaldruhe\/?page_id=1552"},"modified":"2026-03-20T12:34:55","modified_gmt":"2026-03-20T11:34:55","slug":"hof","status":"publish","type":"page","link":"https:\/\/entwicklung.sinex.de\/schwarzwaldruhe\/","title":{"rendered":"Hof"},"content":{"rendered":"<div id=\"pl-1552\"  class=\"panel-layout\" ><div id=\"pg-1552-0\"  class=\"panel-grid panel-has-style\" ><div id=\"gastgeber\" class=\"panel-row-style panel-row-style-for-1552-0\" ><div id=\"pgc-1552-0-0\"  class=\"panel-grid-cell\" ><div id=\"panel-1552-0-0-0\" class=\"so-panel widget widget_wwm-headline-widget panel-first-child panel-last-child\" data-index=\"0\" ><div\n\t\t\t\n\t\t\tclass=\"so-widget-wwm-headline-widget so-widget-wwm-headline-widget-base\"\n\t\t\t\n\t\t><h1 class=\"wwm-headline1\" style=\"text-align:center;\">Unterroturacher Hof<\/h1><h3 class=\"wwm-headline2\" style=\"text-align:center;\">Urlaub abseits von L\u00e4rm und Verkehr<\/h3><\/div><\/div><\/div><\/div><\/div><div id=\"pg-1552-1\"  class=\"panel-grid panel-no-style\" ><div id=\"pgc-1552-1-0\"  class=\"panel-grid-cell\" ><div id=\"panel-1552-1-0-0\" class=\"so-panel widget widget_wwm-text-widget panel-first-child panel-last-child\" data-index=\"1\" ><div\n\t\t\t\n\t\t\tclass=\"so-widget-wwm-text-widget so-widget-wwm-text-widget-base\"\n\t\t\t\n\t\t><div style=\"color:;\"><div style=\"padding:0px;\"><p>Wir sind Familie B\u00e4rmann \u2013<br \/>\nIhre Gastgeber.<\/p>\n<p>Lorem ipsum dolor sit amet, consetetur sadipscing elitr, sed diam nonumy eirmod tempor invidunt ut labore et dolore magna aliquyam erat, sed diam voluptua. At vero eos et accusam et justo duo dolores et<\/p>\n<p>ea rebum. Stet clita kasd gubergren, no sea takimata<\/p>\n<\/div><\/div><\/div><\/div><\/div><div id=\"pgc-1552-1-1\"  class=\"panel-grid-cell\" ><div id=\"panel-1552-1-1-0\" class=\"so-panel widget widget_wwm-specialimage-widget panel-first-child panel-last-child\" data-index=\"2\" ><div\n\t\t\t\n\t\t\tclass=\"so-widget-wwm-specialimage-widget so-widget-wwm-specialimage-widget-base\"\n\t\t\t\n\t\t><div class=\"wwm-specialimageright\" style=\"background-color:#cbe5d9\"><div class=\"wwm-specialimage-content-right\"><div id=\"pl-w519e469a\"  class=\"panel-layout\" ><div id=\"pg-w519e469a-0\"  class=\"panel-grid panel-no-style\" ><div id=\"pgc-w519e469a-0-0\"  class=\"panel-grid-cell\" ><div id=\"panel-w519e469a-0-0-0\" class=\"so-panel widget widget_wwm-image-widget panel-first-child panel-last-child\" data-index=\"0\" ><div class=\"panel-widget-style panel-widget-style-for-w519e469a-0-0-0\" ><div\n\t\t\t\n\t\t\tclass=\"so-widget-wwm-image-widget so-widget-wwm-image-widget-base\"\n\t\t\t\n\t\t><style>\r\n.wwm-image .image-e10a6a0d-e761-4c31-ab11-6572eb008b32{ \r\n}\r\n.wwm-image .image-e10a6a0d-e761-4c31-ab11-6572eb008b32:hover\r\n{ \r\n}\r\n@media only screen and (max-width: 768px)\r\n{\r\n\t.wwm-image .image-e10a6a0d-e761-4c31-ab11-6572eb008b32\t{ \r\n\t\t}\r\n}\r\n<\/style>\r\n\r\n<div class=\"wwm-image\" style=\"text-align:left\"><img decoding=\"async\" class=\"image-e10a6a0d-e761-4c31-ab11-6572eb008b32\" src=\"https:\/\/entwicklung.sinex.de\/schwarzwaldruhe\/wp-content\/uploads\/Alte_Muehle_Bank.jpg\" alt=\"\" width=\"100%\" title=\"\" \/><\/div><\/div><\/div><\/div><\/div><\/div><\/div><\/div><\/div><\/div><\/div><\/div><\/div><div id=\"pg-1552-2\"  class=\"panel-grid panel-has-style\" ><div class=\"siteorigin-panels-stretch panel-row-style panel-row-style-for-1552-2\" id=\"landwirtschaft\" data-stretch-type=\"full-width-stretch\" ><div id=\"pgc-1552-2-0\"  class=\"panel-grid-cell\" ><div id=\"panel-1552-2-0-0\" class=\"so-panel widget widget_wwm-image-widget panel-first-child panel-last-child\" data-index=\"3\" ><div\n\t\t\t\n\t\t\tclass=\"so-widget-wwm-image-widget so-widget-wwm-image-widget-base\"\n\t\t\t\n\t\t><style>\r\n.wwm-image .image-f2905ba8-a46d-4aeb-a124-14b994e6a532{ \r\n}\r\n.wwm-image .image-f2905ba8-a46d-4aeb-a124-14b994e6a532:hover\r\n{ \r\n}\r\n@media only screen and (max-width: 768px)\r\n{\r\n\t.wwm-image .image-f2905ba8-a46d-4aeb-a124-14b994e6a532\t{ \r\n\t\t}\r\n}\r\n<\/style>\r\n\r\n<div class=\"wwm-image\" style=\"text-align:center\"><img decoding=\"async\" class=\"image-f2905ba8-a46d-4aeb-a124-14b994e6a532\" src=\"https:\/\/entwicklung.sinex.de\/schwarzwaldruhe\/wp-content\/uploads\/schwarzwaldruhe-bereich-kuh.svg\" alt=\"\" width=\"100%\" title=\"\" \/><\/div><\/div><\/div><\/div><\/div><\/div><div id=\"pg-1552-3\"  class=\"panel-grid panel-has-style\" ><div class=\"siteorigin-panels-stretch panel-row-style panel-row-style-for-1552-3\" data-stretch-type=\"full\" ><div id=\"pgc-1552-3-0\"  class=\"panel-grid-cell\" ><div id=\"panel-1552-3-0-0\" class=\"so-panel widget widget_siteorigin-panels-builder panel-first-child panel-last-child\" data-index=\"4\" ><div id=\"pl-w69bd30dfecf58\"  class=\"panel-layout\" ><div id=\"pg-w69bd30dfecf58-0\"  class=\"panel-grid panel-no-style\" ><div id=\"pgc-w69bd30dfecf58-0-0\"  class=\"panel-grid-cell\" ><div id=\"panel-w69bd30dfecf58-0-0-0\" class=\"so-panel widget widget_wwm-headline-widget panel-first-child panel-last-child\" data-index=\"0\" ><div\n\t\t\t\n\t\t\tclass=\"so-widget-wwm-headline-widget so-widget-wwm-headline-widget-base\"\n\t\t\t\n\t\t><h2 class=\"wwm-headline1\" style=\"color:#ffffff;text-align:center;\">Landwirtschaft<\/h2><h3 class=\"wwm-headline2\" style=\"color:#ffffff;text-align:center;\">Das treibt uns an<\/h3><\/div><\/div><\/div><\/div><div id=\"pg-w69bd30dfecf58-1\"  class=\"panel-grid panel-no-style\" ><div id=\"pgc-w69bd30dfecf58-1-0\"  class=\"panel-grid-cell\" ><div id=\"panel-w69bd30dfecf58-1-0-0\" class=\"so-panel widget widget_wwm-text-widget panel-first-child panel-last-child\" data-index=\"1\" ><div\n\t\t\t\n\t\t\tclass=\"so-widget-wwm-text-widget so-widget-wwm-text-widget-base\"\n\t\t\t\n\t\t><div style=\"color:#ffffff;\"><div style=\"padding:0px;\"><p>Ca. 30 Milchk\u00fche produzieren bis zu 200 Tonnen Milch im Jahr. Die Tiere sind von Ende April bis Mitte November auf der Weide und geben beste gentechnikfreie \u201eWeidemilch\u201c (so der Titel unserer Milch), die alle zwei Tage per LKW abgeholt und nach Freiburg zur Molkerei Schwarzwaldmilch gebracht wird.<\/p>\n<p>Da der Hof ca. 40 ha Wald besitzt, kommt die Heizenergie zu 100% aus dem eigenen Holz. Seit August 2014 haben wir eine vollautomatische Hackschnitzelheizung, die den Hof und das nebenan stehende Leibgedinghaus mit Heizenergie versorgt. Dazu werden ca. 150 Kubikmeter Hackschnitzel gebraucht, das entspricht ca. 70 Kubikmeter Stammholz. Auch wenn etwas gebaut wird, verwenden wir so weit wie m\u00f6glich Holz aus dem Hofwald. S\u00e4mtliche Geb\u00e4ude auf dem Hofgut sind mit dem Holz aus dem Hofwald gebaut und zwar meistens aus Weistannenholz. Seit 1841 besitzt der Hof ein eigenes<\/p>\n<\/div><\/div><\/div><\/div><\/div><div id=\"pgc-w69bd30dfecf58-1-1\"  class=\"panel-grid-cell\" ><div id=\"panel-w69bd30dfecf58-1-1-0\" class=\"so-panel widget widget_wwm-text-widget panel-first-child panel-last-child\" data-index=\"2\" ><div\n\t\t\t\n\t\t\tclass=\"so-widget-wwm-text-widget so-widget-wwm-text-widget-base\"\n\t\t\t\n\t\t><div style=\"color:#ffffff;\"><div style=\"padding:0px;\"><p>historisches S\u00e4gewerk. In dem noch voll funktionsf\u00e4higem Werk wurde fr\u00fcher das eigene Holz zu Bretter und Balken ges\u00e4gt. Das beste an der ganzen Holzgeschichte ist, dass in unseren W\u00e4ldern j\u00e4hrlich ca. 200 Kubikmeter Holz nachwachsen, es wird also voll nach dem Prinzip der Nachhaltigkeit gewirtschaftet.<\/p>\n<p>Das Roturachtal, in dem sich der Hof befindet, ist sehr reich an Wasser. Auf dem Gut befinden sich unz\u00e4hlige Quellen aus denen reinstes Trinkwasser aus den Tiefen des Schwarzwaldes sprudelt. Deshalb wird das Hofgut mit dem eigenen Trinkwasser versorgt, das nat\u00fcrlich j\u00e4hrlich vom Gesundheitsamt kontrolliert wird. Unser Wasser ist absolut Kalkarm und deshalb auch sehr weich. Sie werden es beim waschen merken, man braucht viel weniger Seife oder Shampoo als bei hartem Wasser, auch der Kaffee soll besser schmecken.<\/p>\n<\/div><\/div><\/div><\/div><\/div><\/div><\/div><\/div><\/div><\/div><\/div><div id=\"pg-1552-4\"  class=\"panel-grid panel-has-style\" ><div class=\"siteorigin-panels-stretch panel-row-style panel-row-style-for-1552-4\" data-stretch-type=\"full\" ><div id=\"pgc-1552-4-0\"  class=\"panel-grid-cell\" ><div id=\"panel-1552-4-0-0\" class=\"so-panel widget widget_wwm-lightslider-widget panel-first-child panel-last-child\" data-index=\"5\" ><div class=\"lightSliderDouble panel-widget-style panel-widget-style-for-1552-4-0-0\" ><div\n\t\t\t\n\t\t\tclass=\"so-widget-wwm-lightslider-widget so-widget-wwm-lightslider-widget-base\"\n\t\t\t\n\t\t><div class=\"wwm-lightslider\"><ul class=\"lightslider\"><li><div class=\"wwm-lightslider-tab\"><div id=\"pl-w79f21439\"  class=\"panel-layout\" ><div id=\"pg-w79f21439-0\"  class=\"panel-grid panel-has-style\" ><div class=\"panel-row-style panel-row-style-for-w79f21439-0\" ><div id=\"pgc-w79f21439-0-0\"  class=\"panel-grid-cell\" ><div id=\"panel-w79f21439-0-0-0\" class=\"so-panel widget widget_wwm-image-widget panel-first-child panel-last-child\" data-index=\"0\" ><div class=\"panel-widget-style panel-widget-style-for-w79f21439-0-0-0\" ><div\n\t\t\t\n\t\t\tclass=\"so-widget-wwm-image-widget so-widget-wwm-image-widget-base\"\n\t\t\t\n\t\t><style>\r\n.wwm-image .image-5f5a4007-8aa4-48e4-97a4-5aaef86ea2c2{ \r\n}\r\n.wwm-image .image-5f5a4007-8aa4-48e4-97a4-5aaef86ea2c2:hover\r\n{ \r\n}\r\n@media only screen and (max-width: 768px)\r\n{\r\n\t.wwm-image .image-5f5a4007-8aa4-48e4-97a4-5aaef86ea2c2\t{ \r\n\t\t}\r\n}\r\n<\/style>\r\n\r\n<div class=\"wwm-image\" style=\"text-align:left\"><img decoding=\"async\" class=\"image-5f5a4007-8aa4-48e4-97a4-5aaef86ea2c2\" src=\"https:\/\/entwicklung.sinex.de\/schwarzwaldruhe\/wp-content\/uploads\/heroimage-demo.jpg\" alt=\"Berge, Wald und Felder\" width=\"100%\" title=\"Beschriftung des Bildes\" \/><\/div><\/div><\/div><\/div><\/div><\/div><\/div><\/div><\/div><\/li><li><div class=\"wwm-lightslider-tab\"><div id=\"pl-w79f21439\"  class=\"panel-layout\" ><div id=\"pg-w79f21439-0\"  class=\"panel-grid panel-has-style\" ><div class=\"panel-row-style panel-row-style-for-w79f21439-0\" ><div id=\"pgc-w79f21439-0-0\"  class=\"panel-grid-cell\" ><div id=\"panel-w79f21439-0-0-0\" class=\"so-panel widget widget_wwm-image-widget panel-first-child panel-last-child\" data-index=\"0\" ><div class=\"panel-widget-style panel-widget-style-for-w79f21439-0-0-0\" ><div\n\t\t\t\n\t\t\tclass=\"so-widget-wwm-image-widget so-widget-wwm-image-widget-base\"\n\t\t\t\n\t\t><style>\r\n.wwm-image .image-5f5a4007-8aa4-48e4-97a4-5aaef86ea2c2{ \r\n}\r\n.wwm-image .image-5f5a4007-8aa4-48e4-97a4-5aaef86ea2c2:hover\r\n{ \r\n}\r\n@media only screen and (max-width: 768px)\r\n{\r\n\t.wwm-image .image-5f5a4007-8aa4-48e4-97a4-5aaef86ea2c2\t{ \r\n\t\t}\r\n}\r\n<\/style>\r\n\r\n<div class=\"wwm-image\" style=\"text-align:left\"><img decoding=\"async\" class=\"image-5f5a4007-8aa4-48e4-97a4-5aaef86ea2c2\" src=\"https:\/\/entwicklung.sinex.de\/schwarzwaldruhe\/wp-content\/uploads\/heroimage-demo.jpg\" alt=\"Berge, Wald und Felder\" width=\"100%\" title=\"Beschriftung des Bildes\" \/><\/div><\/div><\/div><\/div><\/div><\/div><\/div><\/div><\/div><\/li><li><div class=\"wwm-lightslider-tab\"><div id=\"pl-w79f21439\"  class=\"panel-layout\" ><div id=\"pg-w79f21439-0\"  class=\"panel-grid panel-has-style\" ><div class=\"panel-row-style panel-row-style-for-w79f21439-0\" ><div id=\"pgc-w79f21439-0-0\"  class=\"panel-grid-cell\" ><div id=\"panel-w79f21439-0-0-0\" class=\"so-panel widget widget_wwm-image-widget panel-first-child panel-last-child\" data-index=\"0\" ><div class=\"panel-widget-style panel-widget-style-for-w79f21439-0-0-0\" ><div\n\t\t\t\n\t\t\tclass=\"so-widget-wwm-image-widget so-widget-wwm-image-widget-base\"\n\t\t\t\n\t\t><style>\r\n.wwm-image .image-5f5a4007-8aa4-48e4-97a4-5aaef86ea2c2{ \r\n}\r\n.wwm-image .image-5f5a4007-8aa4-48e4-97a4-5aaef86ea2c2:hover\r\n{ \r\n}\r\n@media only screen and (max-width: 768px)\r\n{\r\n\t.wwm-image .image-5f5a4007-8aa4-48e4-97a4-5aaef86ea2c2\t{ \r\n\t\t}\r\n}\r\n<\/style>\r\n\r\n<div class=\"wwm-image\" style=\"text-align:left\"><img decoding=\"async\" class=\"image-5f5a4007-8aa4-48e4-97a4-5aaef86ea2c2\" src=\"https:\/\/entwicklung.sinex.de\/schwarzwaldruhe\/wp-content\/uploads\/heroimage-demo.jpg\" alt=\"Berge, Wald und Felder\" width=\"100%\" title=\"Beschriftung des Bildes\" \/><\/div><\/div><\/div><\/div><\/div><\/div><\/div><\/div><\/div><\/li><li><div class=\"wwm-lightslider-tab\"><div id=\"pl-w79f21439\"  class=\"panel-layout\" ><div id=\"pg-w79f21439-0\"  class=\"panel-grid panel-has-style\" ><div class=\"panel-row-style panel-row-style-for-w79f21439-0\" ><div id=\"pgc-w79f21439-0-0\"  class=\"panel-grid-cell\" ><div id=\"panel-w79f21439-0-0-0\" class=\"so-panel widget widget_wwm-image-widget panel-first-child panel-last-child\" data-index=\"0\" ><div class=\"panel-widget-style panel-widget-style-for-w79f21439-0-0-0\" ><div\n\t\t\t\n\t\t\tclass=\"so-widget-wwm-image-widget so-widget-wwm-image-widget-base\"\n\t\t\t\n\t\t><style>\r\n.wwm-image .image-5f5a4007-8aa4-48e4-97a4-5aaef86ea2c2{ \r\n}\r\n.wwm-image .image-5f5a4007-8aa4-48e4-97a4-5aaef86ea2c2:hover\r\n{ \r\n}\r\n@media only screen and (max-width: 768px)\r\n{\r\n\t.wwm-image .image-5f5a4007-8aa4-48e4-97a4-5aaef86ea2c2\t{ \r\n\t\t}\r\n}\r\n<\/style>\r\n\r\n<div class=\"wwm-image\" style=\"text-align:left\"><img decoding=\"async\" class=\"image-5f5a4007-8aa4-48e4-97a4-5aaef86ea2c2\" src=\"https:\/\/entwicklung.sinex.de\/schwarzwaldruhe\/wp-content\/uploads\/heroimage-demo.jpg\" alt=\"Berge, Wald und Felder\" width=\"100%\" title=\"Beschriftung des Bildes\" \/><\/div><\/div><\/div><\/div><\/div><\/div><\/div><\/div><\/div><\/li><\/ul><\/div><\/div><\/div><\/div><\/div><\/div><\/div><div id=\"pg-1552-5\"  class=\"panel-grid panel-has-style\" ><div id=\"aktuelles\" class=\"panel-row-style panel-row-style-for-1552-5\" ><div id=\"pgc-1552-5-0\"  class=\"panel-grid-cell\" ><div id=\"panel-1552-5-0-0\" class=\"so-panel widget widget_wwm-headline-widget panel-first-child\" data-index=\"6\" ><div\n\t\t\t\n\t\t\tclass=\"so-widget-wwm-headline-widget so-widget-wwm-headline-widget-base\"\n\t\t\t\n\t\t><h2 class=\"wwm-headline1\" style=\"color:#7300a7;text-align:center;\">Aktuelles<\/h2><h3 class=\"wwm-headline2\" style=\"color:#7300a7;text-align:center;\">Neues vom Hofleben<\/h3><\/div><\/div><div id=\"panel-1552-5-0-1\" class=\"so-panel widget widget_wwm-blog WWMBlog panel-last-child\" data-index=\"7\" ><div id=\"panel-1552-5-0-1\" class=\"so-panel widget widget_wwm-blog WWMBlog panel-last-child\" data-index=\"7\" ><div class=\"wwm-blog-slider\"><div class=\"wwm-blog-slider-tab\"><div class=\"wwm-blog-slider-inner\"><div class=\"blogContainer\"><div class=\"row\"><section class=\"col_nm_7\"><div class=\"blogImage\"><div class=\"wwm-specialimageleft\"><div class=\"wwm-specialimage-content-left\"><a href=\"https:\/\/entwicklung.sinex.de\/schwarzwaldruhe\/hoffuehrung\/\"><h3>Hoff\u00fchrung<\/h3><\/a><br \/><img loading=\"lazy\" decoding=\"async\" width=\"2000\" height=\"1121\" src=\"https:\/\/entwicklung.sinex.de\/schwarzwaldruhe\/wp-content\/uploads\/headerimage.jpg\" class=\"attachment-full size-full wp-post-image\" alt=\"\" srcset=\"https:\/\/entwicklung.sinex.de\/schwarzwaldruhe\/wp-content\/uploads\/headerimage.jpg 2000w, https:\/\/entwicklung.sinex.de\/schwarzwaldruhe\/wp-content\/uploads\/headerimage-300x168.jpg 300w, https:\/\/entwicklung.sinex.de\/schwarzwaldruhe\/wp-content\/uploads\/headerimage-1024x574.jpg 1024w, https:\/\/entwicklung.sinex.de\/schwarzwaldruhe\/wp-content\/uploads\/headerimage-768x430.jpg 768w, https:\/\/entwicklung.sinex.de\/schwarzwaldruhe\/wp-content\/uploads\/headerimage-1536x861.jpg 1536w\" sizes=\"auto, (max-width: 2000px) 100vw, 2000px\" \/><\/div><\/div><\/div><\/section><section class=\"col_nm_5\"><div class=\"blogText\">Wenn Sie das alles noch n\u00e4her interessiert und vielleicht auch noch Interesse an den anderen Sehensw\u00fcrdigkeiten des Hofguts besteht, w\u00fcrden wir Sie gerne zu einer Hoff\u00fchrung einladen. <div class=\"blogButton\"><a class=\"button custom-btn btn-0\" href=\"https:\/\/entwicklung.sinex.de\/schwarzwaldruhe\/hoffuehrung\/\">weiterlesen<\/a><\/div><\/div><\/section><\/div><\/div><\/div><\/div><\/div><\/div><\/div><\/div><\/div><\/div><\/div>","protected":false},"excerpt":{"rendered":"<p>Unterroturacher HofUrlaub abseits von L\u00e4rm und VerkehrWir sind Familie B\u00e4rmann \u2013 Ihre Gastgeber. Lorem ipsum dolor sit amet, consetetur sadipscing elitr, sed diam nonumy eirmod tempor invidunt ut labore et dolore magna aliquyam erat, sed diam voluptua. At vero eos et accusam et justo duo dolores et ea rebum. Stet [&hellip;]<\/p>\n","protected":false},"author":3,"featured_media":0,"parent":0,"menu_order":0,"comment_status":"closed","ping_status":"closed","template":"","meta":{"_acf_changed":false,"footnotes":""},"class_list":["post-1552","page","type-page","status-publish","hentry"],"acf":[],"_links":{"self":[{"href":"https:\/\/entwicklung.sinex.de\/schwarzwaldruhe\/wp-json\/wp\/v2\/pages\/1552","targetHints":{"allow":["GET"]}}],"collection":[{"href":"https:\/\/entwicklung.sinex.de\/schwarzwaldruhe\/wp-json\/wp\/v2\/pages"}],"about":[{"href":"https:\/\/entwicklung.sinex.de\/schwarzwaldruhe\/wp-json\/wp\/v2\/types\/page"}],"author":[{"embeddable":true,"href":"https:\/\/entwicklung.sinex.de\/schwarzwaldruhe\/wp-json\/wp\/v2\/users\/3"}],"replies":[{"embeddable":true,"href":"https:\/\/entwicklung.sinex.de\/schwarzwaldruhe\/wp-json\/wp\/v2\/comments?post=1552"}],"version-history":[{"count":238,"href":"https:\/\/entwicklung.sinex.de\/schwarzwaldruhe\/wp-json\/wp\/v2\/pages\/1552\/revisions"}],"predecessor-version":[{"id":2332,"href":"https:\/\/entwicklung.sinex.de\/schwarzwaldruhe\/wp-json\/wp\/v2\/pages\/1552\/revisions\/2332"}],"wp:attachment":[{"href":"https:\/\/entwicklung.sinex.de\/schwarzwaldruhe\/wp-json\/wp\/v2\/media?parent=1552"}],"curies":[{"name":"wp","href":"https:\/\/api.w.org\/{rel}","templated":true}]}}