{"id":2312,"date":"2026-03-17T14:02:06","date_gmt":"2026-03-17T13:02:06","guid":{"rendered":"https:\/\/entwicklung.sinex.de\/roll\/?page_id=2312"},"modified":"2026-03-17T14:34:28","modified_gmt":"2026-03-17T13:34:28","slug":"kontakt-breisach","status":"publish","type":"page","link":"https:\/\/entwicklung.sinex.de\/roll\/kontakt-breisach\/","title":{"rendered":"Kontakt Breisach"},"content":{"rendered":"<div id=\"pl-2312\"  class=\"panel-layout\" ><div id=\"pg-2312-0\"  class=\"panel-grid panel-no-style\" ><div id=\"pgc-2312-0-0\"  class=\"panel-grid-cell\" ><div id=\"panel-2312-0-0-0\" class=\"so-panel widget widget_wwm-headline-widget panel-first-child panel-last-child\" data-index=\"0\" ><div\n\t\t\t\n\t\t\tclass=\"so-widget-wwm-headline-widget so-widget-wwm-headline-widget-base\"\n\t\t\t\n\t\t><h1 class=\"wwm-headline1\" style=\"\">Kontakt<\/h1><\/div><\/div><\/div><\/div><div id=\"pg-2312-1\"  class=\"panel-grid panel-no-style\" ><div id=\"pgc-2312-1-0\"  class=\"panel-grid-cell\" ><div id=\"panel-2312-1-0-0\" class=\"so-panel widget widget_fluentform_widget panel-first-child panel-last-child\" data-index=\"1\" ><div class='fluentform ff-default fluentform_wrapper_4 ffs_default_wrap'><form data-form_id=\"4\" id=\"fluentform_4\" class=\"frm-fluent-form fluent_form_4 ff-el-form-top ff_form_instance_4_1 ff-form-loading ffs_default\" data-form_instance=\"ff_form_instance_4_1\" method=\"POST\" ><fieldset  style=\"border: none!important;margin: 0!important;padding: 0!important;background-color: transparent!important;box-shadow: none!important;outline: none!important; min-inline-size: 100%;\">\n                    <legend class=\"ff_screen_reader_title\" style=\"display: block; margin: 0!important;padding: 0!important;height: 0!important;text-indent: -999999px;width: 0!important;overflow:hidden;\">Kontaktformular Allgemein<\/legend>        <div\n                style=\"display: none!important; position: absolute!important; transform: translateX(1000%)!important;\"\n                class=\"ff-el-group ff-hpsf-container\"\n        >\n            <div class=\"ff-el-input--label asterisk-right\">\n                <label for=\"ff_4_item_sf\" aria-label=\"Notify\">\n                    Notify                <\/label>\n            <\/div>\n            <div class=\"ff-el-input--content\">\n                <input type=\"text\"\n                       name=\"item_4__fluent_sf\"\n                       class=\"ff-el-form-control\"\n                       id=\"ff_4_item_sf\"\n                \/>\n            <\/div>\n        <\/div>\n        <input type='hidden' name='__fluent_form_embded_post_id' value='2312' \/><input type=\"hidden\" id=\"_fluentform_4_fluentformnonce\" name=\"_fluentform_4_fluentformnonce\" value=\"53b3630371\" \/><input type=\"hidden\" name=\"_wp_http_referer\" value=\"\/roll\/wp-json\/wp\/v2\/pages\/2312\" \/><div data-name=\"ff_cn_id_1\"  class='ff-t-container ff-column-container ff_columns_total_1 '><div class='ff-t-cell ff-t-column-1' style='flex-basis: 100%;'><\/div><\/div><div data-name=\"ff_cn_id_2\"  class='ff-t-container ff-column-container ff_columns_total_2 '><div class='ff-t-cell ff-t-column-1' style='flex-basis: 50%;'><div class='ff-el-group'><div class=\"ff-el-input--label asterisk-right\"><label   aria-label=\"Anrede\">Anrede<\/label><\/div><div class='ff-el-input--content'><div class='ff-el-form-check ff-el-form-check-'><label class='ff-el-form-check-label' for='input_Anrede_5aa07c066f7d4fa82734807724894218'><input  type=\"radio\" name=\"input_Anrede\" data-name=\"input_Anrede\" class=\"ff-el-form-check-input ff-el-form-check-radio\" value=\"Herr\"  id='input_Anrede_5aa07c066f7d4fa82734807724894218' aria-label='Herr' aria-invalid='false' aria-required=false> <span>Herr<\/span><\/label><\/div><div class='ff-el-form-check ff-el-form-check-'><label class='ff-el-form-check-label' for='input_Anrede_08cbaabb7a96d705035a138ab73f0de3'><input  type=\"radio\" name=\"input_Anrede\" data-name=\"input_Anrede\" class=\"ff-el-form-check-input ff-el-form-check-radio\" value=\"Frau\"  id='input_Anrede_08cbaabb7a96d705035a138ab73f0de3' aria-label='Frau' aria-invalid='false' aria-required=false> <span>Frau<\/span><\/label><\/div><div class='ff-el-form-check ff-el-form-check-'><label class='ff-el-form-check-label' for='input_Anrede_c0fa6488c28247effbdbbe2b150214ed'><input  type=\"radio\" name=\"input_Anrede\" data-name=\"input_Anrede\" class=\"ff-el-form-check-input ff-el-form-check-radio\" value=\"Divers\"  id='input_Anrede_c0fa6488c28247effbdbbe2b150214ed' aria-label='Divers' aria-invalid='false' aria-required=false> <span>Divers<\/span><\/label><\/div><\/div><\/div><\/div><div class='ff-t-cell ff-t-column-2' style='flex-basis: 50%;'><div class='ff-el-group'><div class=\"ff-el-input--label ff-el-is-required asterisk-right\"><label   aria-label=\"Ort des Termins\">Ort des Termins<\/label><\/div><div class='ff-el-input--content'><div class='ff-el-form-check ff-el-form-check-'><label class='ff-el-form-check-label' for='input_OrtdesTermins_aa2e85ff823a943ccb96d29b3a0b4af3'><input  type=\"radio\" name=\"input_OrtdesTermins\" data-name=\"input_OrtdesTermins\" class=\"ff-el-form-check-input ff-el-form-check-radio\" value=\"Breisach\"  id='input_OrtdesTermins_aa2e85ff823a943ccb96d29b3a0b4af3' aria-label='Breisach' aria-invalid='false' aria-required=true> <span>Breisach<\/span><\/label><\/div><div class='ff-el-form-check ff-el-form-check-'><label class='ff-el-form-check-label' for='input_OrtdesTermins_dab4cbbe2ba1aac51ec9b5c5837f9d87'><input  type=\"radio\" name=\"input_OrtdesTermins\" data-name=\"input_OrtdesTermins\" class=\"ff-el-form-check-input ff-el-form-check-radio\" value=\"Heitersheim\"  id='input_OrtdesTermins_dab4cbbe2ba1aac51ec9b5c5837f9d87' aria-label='Heitersheim' aria-invalid='false' aria-required=true> <span>Heitersheim<\/span><\/label><\/div><\/div><\/div><\/div><\/div><div data-name=\"ff_cn_id_3\"  class='ff-t-container ff-column-container ff_columns_total_2 '><div class='ff-t-cell ff-t-column-1' style='flex-basis: 50%;'><div class='ff-el-group'><div class=\"ff-el-input--label asterisk-right\"><label for='ff_4_input_Vorname' id='label_ff_4_input_Vorname' >Vorname<\/label><\/div><div class='ff-el-input--content'><input type=\"text\" name=\"input_Vorname\" class=\"ff-el-form-control\" maxlength=\"100\" data-name=\"input_Vorname\" id=\"ff_4_input_Vorname\"  aria-invalid=\"false\" aria-required=false><\/div><\/div><div class='ff-el-group'><div class=\"ff-el-input--label ff-el-is-required asterisk-right\"><label for='ff_4_input_Nachname' id='label_ff_4_input_Nachname' >Nachname<\/label><\/div><div class='ff-el-input--content'><input type=\"text\" name=\"input_Nachname\" class=\"ff-el-form-control\" maxlength=\"100\" data-name=\"input_Nachname\" id=\"ff_4_input_Nachname\"  aria-invalid=\"false\" aria-required=true><\/div><\/div><div class='ff-el-group'><div class=\"ff-el-input--label asterisk-right\"><label for='ff_4_input_Strasse' id='label_ff_4_input_Strasse' aria-label=\"Stra\u00dfe\">Stra\u00dfe<\/label><\/div><div class='ff-el-input--content'><input type=\"text\" name=\"input_Strasse\" class=\"ff-el-form-control\" maxlength=\"255\" data-name=\"input_Strasse\" id=\"ff_4_input_Strasse\"  aria-invalid=\"false\" aria-required=false><\/div><\/div><\/div><div class='ff-t-cell ff-t-column-2' style='flex-basis: 50%;'><div class='ff-el-group'><div class=\"ff-el-input--label asterisk-right\"><label for='ff_4_input_PLZOrt' id='label_ff_4_input_PLZOrt' aria-label=\"PLZ \/ Ort\">PLZ \/ Ort<\/label><\/div><div class='ff-el-input--content'><input type=\"text\" name=\"input_PLZOrt\" class=\"ff-el-form-control\" maxlength=\"255\" data-name=\"input_PLZOrt\" id=\"ff_4_input_PLZOrt\"  aria-invalid=\"false\" aria-required=false><\/div><\/div><div class='ff-el-group'><div class=\"ff-el-input--label ff-el-is-required asterisk-right\"><label for='ff_4_input_Email' id='label_ff_4_input_Email' aria-label=\"E-Mail\">E-Mail<\/label><\/div><div class='ff-el-input--content'><input type=\"text\" name=\"input_Email\" class=\"ff-el-form-control\" maxlength=\"255\" data-name=\"input_Email\" id=\"ff_4_input_Email\"  aria-invalid=\"false\" aria-required=true><\/div><\/div><div class='ff-el-group'><div class=\"ff-el-input--label asterisk-right\"><label for='ff_4_input_Telefon' id='label_ff_4_input_Telefon' aria-label=\"Telefon\">Telefon<\/label><\/div><div class='ff-el-input--content'><input type=\"text\" name=\"input_Telefon\" class=\"ff-el-form-control\" maxlength=\"30\" data-name=\"input_Telefon\" id=\"ff_4_input_Telefon\"  aria-invalid=\"false\" aria-required=false><\/div><\/div><\/div><\/div><div class='ff-el-group ff-el-form-top wwm-checkbox-datenschutz'><div class=\"ff-el-input--label ff-el-is-required asterisk-right\"><label   aria-label=\"Datenschutz\">Datenschutz<\/label><\/div><div class='ff-el-input--content'><div class='ff-el-form-check ff-el-form-check-'><label class='ff-el-form-check-label' for='checkbox_Datenschutz_bc8c50c3d09da8235ef7c616bc9e698f'><input  type=\"checkbox\" name=\"checkbox_Datenschutz[]\" data-name=\"checkbox_Datenschutz\" class=\"ff-el-form-check-input ff-el-form-check-checkbox\" value=\"Ich habe die &lt;a href=&quot;\/datenschutz&quot;&gt;Datenschutzerkl\u00e4rung&lt;\/a&gt; zur Kenntnis genommen. Ich stimme zu, dass meine Angaben zur Kontaktaufnahme und f\u00fcr R\u00fcckfragen dauerhaft gespeichert werden.\"  id='checkbox_Datenschutz_bc8c50c3d09da8235ef7c616bc9e698f' aria-label='Ich habe die &lt;a href=&quot;\/datenschutz&quot;&gt;Datenschutzerkl\u00e4rung&lt;\/a&gt; zur Kenntnis genommen. Ich stimme zu, dass meine Angaben zur Kontaktaufnahme und f\u00fcr R\u00fcckfragen dauerhaft gespeichert werden.' aria-invalid='false' aria-required=true> <span>Ich habe die <a href=\"\/datenschutz\">Datenschutzerkl\u00e4rung<\/a> zur Kenntnis genommen. Ich stimme zu, dass meine Angaben zur Kontaktaufnahme und f\u00fcr R\u00fcckfragen dauerhaft gespeichert werden.<\/span><\/label><\/div><\/div><\/div><div data-name=\"ff_cn_id_4\"  class='ff-t-container ff-column-container ff_columns_total_1 '><div class='ff-t-cell ff-t-column-1' style='flex-basis: 100%;'><div class='ff-el-group'><div class=\"ff-el-input--label asterisk-right\"><label for='ff_4_description_Anliegen' id='label_ff_4_description_Anliegen' aria-label=\"Ihr Anliegen\">Ihr Anliegen<\/label><\/div><div class='ff-el-input--content'><textarea aria-required=\"false\" aria-labelledby=\"label_ff_4_description_Anliegen\" name=\"description_Anliegen\" id=\"ff_4_description_Anliegen\" class=\"ff-el-form-control\" rows=\"3\" cols=\"2\" maxlength=\"600\" data-name=\"description_Anliegen\" ><\/textarea><\/div><\/div><\/div><\/div><div class='ff-el-group ff-text-left ff_submit_btn_wrapper'><button type=\"submit\" class=\"ff-btn ff-btn-submit ff-btn-md button custom-btn btn-0 ff_btn_style\"  aria-label=\"Nachricht senden\">Nachricht senden<\/button><\/div><\/fieldset><\/form><div id='fluentform_4_errors' class='ff-errors-in-stack ff_form_instance_4_1 ff-form-loading_errors ff_form_instance_4_1_errors'><\/div><\/div>            <script type=\"text\/javascript\">\n                window.fluent_form_ff_form_instance_4_1 = {\"id\":\"4\",\"ajaxUrl\":\"https:\\\/\\\/entwicklung.sinex.de\\\/roll\\\/wp-admin\\\/admin-ajax.php\",\"settings\":{\"layout\":{\"labelPlacement\":\"top\",\"helpMessagePlacement\":\"with_label\",\"errorMessagePlacement\":\"inline\",\"asteriskPlacement\":\"asterisk-right\"},\"restrictions\":{\"denyEmptySubmission\":{\"enabled\":false}}},\"form_instance\":\"ff_form_instance_4_1\",\"form_id_selector\":\"fluentform_4\",\"rules\":{\"input_Anrede\":{\"required\":{\"value\":false,\"message\":\"Dieses Feld ist erforderlich\",\"global\":false,\"global_message\":\"Dieses Feld ist erforderlich\"}},\"input_OrtdesTermins\":{\"required\":{\"value\":true,\"message\":\"Dieses Feld ist erforderlich\",\"global\":false,\"global_message\":\"Dieses Feld ist erforderlich\"}},\"input_Vorname\":{\"required\":{\"value\":false,\"message\":\"Dieses Feld ist erforderlich\",\"global\":false,\"global_message\":\"Dieses Feld ist erforderlich\"}},\"input_Nachname\":{\"required\":{\"value\":true,\"message\":\"Dieses Feld ist erforderlich\",\"global\":false,\"global_message\":\"Dieses Feld ist erforderlich\"}},\"input_Strasse\":{\"required\":{\"value\":false,\"message\":\"Dieses Feld ist erforderlich\",\"global\":false,\"global_message\":\"Dieses Feld ist erforderlich\"}},\"input_PLZOrt\":{\"required\":{\"value\":false,\"message\":\"Dieses Feld ist erforderlich\",\"global\":false,\"global_message\":\"Dieses Feld ist erforderlich\"}},\"input_Email\":{\"required\":{\"value\":true,\"message\":\"Dieses Feld ist erforderlich\",\"global\":false,\"global_message\":\"Dieses Feld ist erforderlich\"}},\"input_Telefon\":{\"required\":{\"value\":false,\"message\":\"Dieses Feld ist erforderlich\",\"global\":false,\"global_message\":\"Dieses Feld ist erforderlich\"}},\"checkbox_Datenschutz\":{\"required\":{\"value\":true,\"message\":\"Dieses Feld ist erforderlich\",\"global\":false,\"global_message\":\"Dieses Feld ist erforderlich\"}},\"description_Anliegen\":{\"required\":{\"value\":false,\"message\":\"Dieses Feld ist erforderlich\",\"global\":false,\"global_message\":\"Dieses Feld ist erforderlich\"}}},\"debounce_time\":300};\n                            <\/script>\n            <\/div><\/div><\/div><\/div>","protected":false},"excerpt":{"rendered":"<p>Kontakt Kontaktformular Allgemein Contact Anrede Herr Frau DiversOrt des Termins Breisach HeitersheimVornameNachnameStra\u00dfePLZ \/ OrtE-MailTelefonDatenschutz Ich habe die Datenschutzerkl\u00e4rung zur Kenntnis genommen. Ich stimme zu, dass meine Angaben zur Kontaktaufnahme und f\u00fcr R\u00fcckfragen dauerhaft gespeichert werden.Ihr AnliegenNachricht senden<\/p>\n","protected":false},"author":5,"featured_media":0,"parent":0,"menu_order":4,"comment_status":"closed","ping_status":"closed","template":"","meta":{"_acf_changed":false,"footnotes":""},"class_list":["post-2312","page","type-page","status-publish","hentry"],"acf":[],"_links":{"self":[{"href":"https:\/\/entwicklung.sinex.de\/roll\/wp-json\/wp\/v2\/pages\/2312","targetHints":{"allow":["GET"]}}],"collection":[{"href":"https:\/\/entwicklung.sinex.de\/roll\/wp-json\/wp\/v2\/pages"}],"about":[{"href":"https:\/\/entwicklung.sinex.de\/roll\/wp-json\/wp\/v2\/types\/page"}],"author":[{"embeddable":true,"href":"https:\/\/entwicklung.sinex.de\/roll\/wp-json\/wp\/v2\/users\/5"}],"replies":[{"embeddable":true,"href":"https:\/\/entwicklung.sinex.de\/roll\/wp-json\/wp\/v2\/comments?post=2312"}],"version-history":[{"count":5,"href":"https:\/\/entwicklung.sinex.de\/roll\/wp-json\/wp\/v2\/pages\/2312\/revisions"}],"predecessor-version":[{"id":2325,"href":"https:\/\/entwicklung.sinex.de\/roll\/wp-json\/wp\/v2\/pages\/2312\/revisions\/2325"}],"wp:attachment":[{"href":"https:\/\/entwicklung.sinex.de\/roll\/wp-json\/wp\/v2\/media?parent=2312"}],"curies":[{"name":"wp","href":"https:\/\/api.w.org\/{rel}","templated":true}]}}