{"id":1582,"date":"2020-06-03T21:07:08","date_gmt":"2020-06-03T19:07:08","guid":{"rendered":"https:\/\/entwicklung.sinex.de\/kaltenbach\/?page_id=1582"},"modified":"2026-01-19T13:39:34","modified_gmt":"2026-01-19T12:39:34","slug":"kontakt","status":"publish","type":"page","link":"https:\/\/entwicklung.sinex.de\/kaltenbach\/kontakt\/","title":{"rendered":"Kontakt"},"content":{"rendered":"<div id=\"pl-1582\"  class=\"panel-layout\" ><div id=\"pg-1582-0\"  class=\"panel-grid panel-no-style\" ><div id=\"pgc-1582-0-0\"  class=\"panel-grid-cell\" ><div id=\"panel-1582-0-0-0\" class=\"so-panel widget widget_wwm-headline-widget panel-first-child panel-last-child\" data-index=\"0\" ><div\n\t\t\t\n\t\t\tclass=\"so-widget-wwm-headline-widget so-widget-wwm-headline-widget-base\"\n\t\t\t\n\t\t><h1 class=\"wwm-headline1\" style=\"\">Kontakt<\/h1><\/div><\/div><\/div><\/div><div id=\"pg-1582-1\"  class=\"panel-grid panel-no-style\" ><div id=\"pgc-1582-1-0\"  class=\"panel-grid-cell\" ><div id=\"panel-1582-1-0-0\" class=\"so-panel widget widget_fluentform_widget panel-first-child panel-last-child\" data-index=\"1\" ><div class='fluentform ff-default fluentform_wrapper_1 ffs_default_wrap'><form data-form_id=\"1\" id=\"fluentform_1\" class=\"frm-fluent-form fluent_form_1 ff-el-form-top ff_form_instance_1_1 ff-form-loading ffs_default\" data-form_instance=\"ff_form_instance_1_1\" method=\"POST\" ><fieldset  style=\"border: none!important;margin: 0!important;padding: 0!important;background-color: transparent!important;box-shadow: none!important;outline: none!important; min-inline-size: 100%;\">\n                    <legend class=\"ff_screen_reader_title\" style=\"display: block; margin: 0!important;padding: 0!important;height: 0!important;text-indent: -999999px;width: 0!important;overflow:hidden;\">Kontaktformular<\/legend>        <div\n                style=\"display: none!important; position: absolute!important; transform: translateX(1000%)!important;\"\n                class=\"ff-el-group ff-hpsf-container\"\n        >\n            <div class=\"ff-el-input--label asterisk-right\">\n                <label for=\"ff_1_item_sf\" aria-label=\"Contact\">\n                    Contact                <\/label>\n            <\/div>\n            <div class=\"ff-el-input--content\">\n                <input type=\"text\"\n                       name=\"item_1__fluent_sf\"\n                       class=\"ff-el-form-control\"\n                       id=\"ff_1_item_sf\"\n                \/>\n            <\/div>\n        <\/div>\n        <input type='hidden' name='__fluent_form_embded_post_id' value='1582' \/><input type=\"hidden\" id=\"_fluentform_1_fluentformnonce\" name=\"_fluentform_1_fluentformnonce\" value=\"ba60356c4b\" \/><input type=\"hidden\" name=\"_wp_http_referer\" value=\"\/kaltenbach\/wp-json\/wp\/v2\/pages\/1582\" \/><div data-name=\"ff_cn_id_1\"  class='ff-t-container ff-column-container ff_columns_total_1 '><div class='ff-t-cell ff-t-column-1' style='flex-basis: 100%;'><div class='ff-el-group'><div class=\"ff-el-input--label asterisk-right\"><label   aria-label=\"Anrede\">Anrede<\/label><\/div><div class='ff-el-input--content'><div class='ff-el-form-check ff-el-form-check-'><label class='ff-el-form-check-label' for='input_Anrede_81a8e1486fb098c8385922c263058cc7'><input  type=\"radio\" name=\"input_Anrede\" data-name=\"input_Anrede\" class=\"ff-el-form-check-input ff-el-form-check-radio\" value=\"Herr\"  id='input_Anrede_81a8e1486fb098c8385922c263058cc7' aria-label='Herr' aria-invalid='false' aria-required=false> <span>Herr<\/span><\/label><\/div><div class='ff-el-form-check ff-el-form-check-'><label class='ff-el-form-check-label' for='input_Anrede_9ac33f0d57f1bba076d880d740abaaad'><input  type=\"radio\" name=\"input_Anrede\" data-name=\"input_Anrede\" class=\"ff-el-form-check-input ff-el-form-check-radio\" value=\"Frau\"  id='input_Anrede_9ac33f0d57f1bba076d880d740abaaad' aria-label='Frau' aria-invalid='false' aria-required=false> <span>Frau<\/span><\/label><\/div><div class='ff-el-form-check ff-el-form-check-'><label class='ff-el-form-check-label' for='input_Anrede_e744e4ec4956361e607e14ebe9826d0d'><input  type=\"radio\" name=\"input_Anrede\" data-name=\"input_Anrede\" class=\"ff-el-form-check-input ff-el-form-check-radio\" value=\"Divers\"  id='input_Anrede_e744e4ec4956361e607e14ebe9826d0d' aria-label='Divers' aria-invalid='false' aria-required=false> <span>Divers<\/span><\/label><\/div><\/div><\/div><\/div><\/div><div data-name=\"ff_cn_id_2\"  class='ff-t-container ff-column-container ff_columns_total_2 '><div class='ff-t-cell ff-t-column-1' style='flex-basis: 50%;'><div class='ff-el-group'><div class=\"ff-el-input--label asterisk-right\"><label for='ff_1_input_Vorname' id='label_ff_1_input_Vorname' >Vorname<\/label><\/div><div class='ff-el-input--content'><input type=\"text\" name=\"input_Vorname\" class=\"ff-el-form-control\" maxlength=\"100\" data-name=\"input_Vorname\" id=\"ff_1_input_Vorname\"  aria-invalid=\"false\" aria-required=false><\/div><\/div><div class='ff-el-group'><div class=\"ff-el-input--label ff-el-is-required asterisk-right\"><label for='ff_1_input_Nachname' id='label_ff_1_input_Nachname' >Nachname<\/label><\/div><div class='ff-el-input--content'><input type=\"text\" name=\"input_Nachname\" class=\"ff-el-form-control\" maxlength=\"100\" data-name=\"input_Nachname\" id=\"ff_1_input_Nachname\"  aria-invalid=\"false\" aria-required=true><\/div><\/div><div class='ff-el-group'><div class=\"ff-el-input--label asterisk-right\"><label for='ff_1_input_Strasse' id='label_ff_1_input_Strasse' aria-label=\"Stra\u00dfe\">Stra\u00dfe<\/label><\/div><div class='ff-el-input--content'><input type=\"text\" name=\"input_Strasse\" class=\"ff-el-form-control\" maxlength=\"255\" data-name=\"input_Strasse\" id=\"ff_1_input_Strasse\"  aria-invalid=\"false\" aria-required=false><\/div><\/div><\/div><div class='ff-t-cell ff-t-column-2' style='flex-basis: 50%;'><div class='ff-el-group'><div class=\"ff-el-input--label asterisk-right\"><label for='ff_1_input_PLZOrt' id='label_ff_1_input_PLZOrt' aria-label=\"PLZ \/ Ort\">PLZ \/ Ort<\/label><\/div><div class='ff-el-input--content'><input type=\"text\" name=\"input_PLZOrt\" class=\"ff-el-form-control\" maxlength=\"255\" data-name=\"input_PLZOrt\" id=\"ff_1_input_PLZOrt\"  aria-invalid=\"false\" aria-required=false><\/div><\/div><div class='ff-el-group'><div class=\"ff-el-input--label ff-el-is-required asterisk-right\"><label for='ff_1_input_Email' id='label_ff_1_input_Email' aria-label=\"E-Mail\">E-Mail<\/label><\/div><div class='ff-el-input--content'><input type=\"text\" name=\"input_Email\" class=\"ff-el-form-control\" maxlength=\"255\" data-name=\"input_Email\" id=\"ff_1_input_Email\"  aria-invalid=\"false\" aria-required=true><\/div><\/div><div class='ff-el-group'><div class=\"ff-el-input--label asterisk-right\"><label for='ff_1_input_Telefon' id='label_ff_1_input_Telefon' aria-label=\"Telefon\">Telefon<\/label><\/div><div class='ff-el-input--content'><input type=\"text\" name=\"input_Telefon\" class=\"ff-el-form-control\" maxlength=\"30\" data-name=\"input_Telefon\" id=\"ff_1_input_Telefon\"  aria-invalid=\"false\" aria-required=false><\/div><\/div><\/div><\/div><div class='ff-el-group ff-el-form-top wwm-checkbox-datenschutz'><div class=\"ff-el-input--label ff-el-is-required asterisk-right\"><label   aria-label=\"Datenschutz\">Datenschutz<\/label><\/div><div class='ff-el-input--content'><div class='ff-el-form-check ff-el-form-check-'><label class='ff-el-form-check-label' for='checkbox_Datenschutz_3cb44a4f87f1ad063ce78d5eaade001b'><input  type=\"checkbox\" name=\"checkbox_Datenschutz[]\" data-name=\"checkbox_Datenschutz\" class=\"ff-el-form-check-input ff-el-form-check-checkbox\" value=\"Ich habe die &lt;a href=&quot;\/datenschutz&quot;&gt;Datenschutzerkl\u00e4rung&lt;\/a&gt; zur Kenntnis genommen. Ich stimme zu, dass meine Angaben zur Kontaktaufnahme und f\u00fcr R\u00fcckfragen dauerhaft gespeichert werden.\"  id='checkbox_Datenschutz_3cb44a4f87f1ad063ce78d5eaade001b' aria-label='Ich habe die &lt;a href=&quot;\/datenschutz&quot;&gt;Datenschutzerkl\u00e4rung&lt;\/a&gt; zur Kenntnis genommen. Ich stimme zu, dass meine Angaben zur Kontaktaufnahme und f\u00fcr R\u00fcckfragen dauerhaft gespeichert werden.' aria-invalid='false' aria-required=true> <span>Ich habe die <a href=\"\/datenschutz\">Datenschutzerkl\u00e4rung<\/a> zur Kenntnis genommen. Ich stimme zu, dass meine Angaben zur Kontaktaufnahme und f\u00fcr R\u00fcckfragen dauerhaft gespeichert werden.<\/span><\/label><\/div><\/div><\/div><div data-name=\"ff_cn_id_3\"  class='ff-t-container ff-column-container ff_columns_total_1 '><div class='ff-t-cell ff-t-column-1' style='flex-basis: 100%;'><div class='ff-el-group'><div class=\"ff-el-input--label asterisk-right\"><label for='ff_1_description_Anliegen' id='label_ff_1_description_Anliegen' aria-label=\"Ihr Anliegen\">Ihr Anliegen<\/label><\/div><div class='ff-el-input--content'><textarea aria-required=\"false\" aria-labelledby=\"label_ff_1_description_Anliegen\" name=\"description_Anliegen\" id=\"ff_1_description_Anliegen\" class=\"ff-el-form-control\" rows=\"3\" cols=\"2\" maxlength=\"600\" data-name=\"description_Anliegen\" ><\/textarea><\/div><\/div><\/div><\/div><div class='ff-el-group ff-text-left ff_submit_btn_wrapper'><button type=\"submit\" class=\"ff-btn ff-btn-submit ff-btn-md button custom-btn btn-0 ff_btn_style\"  aria-label=\"Nachricht senden\">Nachricht senden<\/button><\/div><\/fieldset><\/form><div id='fluentform_1_errors' class='ff-errors-in-stack ff_form_instance_1_1 ff-form-loading_errors ff_form_instance_1_1_errors'><\/div><\/div>            <script type=\"text\/javascript\">\n                window.fluent_form_ff_form_instance_1_1 = {\"id\":\"1\",\"settings\":{\"layout\":{\"labelPlacement\":\"top\",\"helpMessagePlacement\":\"with_label\",\"errorMessagePlacement\":\"inline\",\"asteriskPlacement\":\"asterisk-right\"},\"restrictions\":{\"denyEmptySubmission\":{\"enabled\":false}}},\"form_instance\":\"ff_form_instance_1_1\",\"form_id_selector\":\"fluentform_1\",\"rules\":{\"input_Anrede\":{\"required\":{\"value\":false,\"message\":\"Dieses Feld ist erforderlich\",\"global\":false,\"global_message\":\"Dieses Feld ist erforderlich\"}},\"input_Vorname\":{\"required\":{\"value\":false,\"message\":\"Dieses Feld ist erforderlich\",\"global\":false,\"global_message\":\"Dieses Feld ist erforderlich\"}},\"input_Nachname\":{\"required\":{\"value\":true,\"message\":\"Dieses Feld ist erforderlich\",\"global\":false,\"global_message\":\"Dieses Feld ist erforderlich\"}},\"input_Strasse\":{\"required\":{\"value\":false,\"message\":\"Dieses Feld ist erforderlich\",\"global\":false,\"global_message\":\"Dieses Feld ist erforderlich\"}},\"input_PLZOrt\":{\"required\":{\"value\":false,\"message\":\"Dieses Feld ist erforderlich\",\"global\":false,\"global_message\":\"Dieses Feld ist erforderlich\"}},\"input_Email\":{\"required\":{\"value\":true,\"message\":\"Dieses Feld ist erforderlich\",\"global\":false,\"global_message\":\"Dieses Feld ist erforderlich\"}},\"input_Telefon\":{\"required\":{\"value\":false,\"message\":\"Dieses Feld ist erforderlich\",\"global\":false,\"global_message\":\"Dieses Feld ist erforderlich\"}},\"checkbox_Datenschutz\":{\"required\":{\"value\":true,\"message\":\"Dieses Feld ist erforderlich\",\"global\":false,\"global_message\":\"Dieses Feld ist erforderlich\"}},\"description_Anliegen\":{\"required\":{\"value\":false,\"message\":\"Dieses Feld ist erforderlich\",\"global\":false,\"global_message\":\"Dieses Feld ist erforderlich\"}}},\"debounce_time\":300};\n                            <\/script>\n            <\/div><\/div><\/div><\/div>","protected":false},"excerpt":{"rendered":"<p>Kontakt Kontaktformular Contact Anrede Herr Frau DiversVornameNachnameStra\u00dfePLZ \/ OrtE-MailTelefonDatenschutz Ich habe die Datenschutzerkl\u00e4rung zur Kenntnis genommen. Ich stimme zu, dass meine Angaben zur Kontaktaufnahme und f\u00fcr R\u00fcckfragen dauerhaft gespeichert werden.Ihr AnliegenNachricht senden<\/p>\n","protected":false},"author":3,"featured_media":0,"parent":0,"menu_order":4,"comment_status":"closed","ping_status":"closed","template":"","meta":{"_acf_changed":false,"footnotes":""},"class_list":["post-1582","page","type-page","status-publish","hentry"],"acf":[],"_links":{"self":[{"href":"https:\/\/entwicklung.sinex.de\/kaltenbach\/wp-json\/wp\/v2\/pages\/1582","targetHints":{"allow":["GET"]}}],"collection":[{"href":"https:\/\/entwicklung.sinex.de\/kaltenbach\/wp-json\/wp\/v2\/pages"}],"about":[{"href":"https:\/\/entwicklung.sinex.de\/kaltenbach\/wp-json\/wp\/v2\/types\/page"}],"author":[{"embeddable":true,"href":"https:\/\/entwicklung.sinex.de\/kaltenbach\/wp-json\/wp\/v2\/users\/3"}],"replies":[{"embeddable":true,"href":"https:\/\/entwicklung.sinex.de\/kaltenbach\/wp-json\/wp\/v2\/comments?post=1582"}],"version-history":[{"count":24,"href":"https:\/\/entwicklung.sinex.de\/kaltenbach\/wp-json\/wp\/v2\/pages\/1582\/revisions"}],"predecessor-version":[{"id":2293,"href":"https:\/\/entwicklung.sinex.de\/kaltenbach\/wp-json\/wp\/v2\/pages\/1582\/revisions\/2293"}],"wp:attachment":[{"href":"https:\/\/entwicklung.sinex.de\/kaltenbach\/wp-json\/wp\/v2\/media?parent=1582"}],"curies":[{"name":"wp","href":"https:\/\/api.w.org\/{rel}","templated":true}]}}