{"id":1552,"date":"2019-05-31T12:47:30","date_gmt":"2019-05-31T10:47:30","guid":{"rendered":"https:\/\/entwicklung.sinex.de\/hofmeier\/?page_id=1552"},"modified":"2026-04-17T12:32:42","modified_gmt":"2026-04-17T10:32:42","slug":"startseite","status":"publish","type":"page","link":"https:\/\/entwicklung.sinex.de\/hofmeier\/","title":{"rendered":"Startseite"},"content":{"rendered":"<div id=\"pl-1552\"  class=\"panel-layout\" ><div id=\"pg-1552-0\"  class=\"panel-grid panel-has-style\" ><div id=\"jobs\" class=\"panel-row-style panel-row-style-for-1552-0\" ><div id=\"pgc-1552-0-0\"  class=\"panel-grid-cell\" ><div id=\"panel-1552-0-0-0\" class=\"so-panel widget widget_wwm-headline-widget panel-first-child panel-last-child\" data-index=\"0\" ><div\n\t\t\t\n\t\t\tclass=\"so-widget-wwm-headline-widget so-widget-wwm-headline-widget-base\"\n\t\t\t\n\t\t><h1 class=\"wwm-headline1\" style=\"text-align:center;\">Stellenangebote bei Hofmeier Landschaftsbau<\/h1><\/div><\/div><\/div><\/div><\/div><div id=\"pg-1552-1\"  class=\"panel-grid panel-no-style\" ><div id=\"pgc-1552-1-0\"  class=\"panel-grid-cell\" ><div id=\"panel-1552-1-0-0\" class=\"so-panel widget widget_wwm-text-widget panel-first-child\" data-index=\"1\" ><div\n\t\t\t\n\t\t\tclass=\"so-widget-wwm-text-widget so-widget-wwm-text-widget-base\"\n\t\t\t\n\t\t><div style=\"color:;\"><div style=\"padding:px;\"><p>Lorem ipsum dolor sit amet, consetetur sadipscing elitr, sed diam nonumy eirmod tempor invidunt ut labore et dolore magna aliquyam erat, sed diam voluptua. At vero eos et accusam et justo duo dolores et ea rebum. Stet clita kasd gubergren, no sea takimata sanctus est Lorem ipsum dolor sit amet. Lorem ipsum dolor sit amet, consetetur sadipscing elitr, sed diam nonumy eirmod tempor invidunt ut labore et dolore magna aliquyam erat, sed diam voluptua. At vero eos et accusam et justo duo dolores et ea rebum. Stet clita kasd gubergren, no sea takimata sanctus est Lorem ipsum dolor sit amet.<\/p>\n<\/div><\/div><\/div><\/div><div id=\"panel-1552-1-0-1\" class=\"so-panel widget widget_wwm-text-widget\" data-index=\"2\" ><div\n\t\t\t\n\t\t\tclass=\"so-widget-wwm-text-widget so-widget-wwm-text-widget-base\"\n\t\t\t\n\t\t><div style=\"color:;\"><div style=\"padding:0px;\"><p><strong>F\u00fcr unser Team suchen wir tatkr\u00e4ftig Unterst\u00fctzung:<\/strong><\/p>\n<\/div><\/div><\/div><\/div><div id=\"panel-1552-1-0-2\" class=\"so-panel widget widget_wwm-accordion-widget panel-last-child\" data-index=\"3\" ><div\n\t\t\t\n\t\t\tclass=\"so-widget-wwm-accordion-widget so-widget-wwm-accordion-widget-base\"\n\t\t\t\n\t\t><div class=\"wwm-accordion\"><div class=\"wwm-accordion-tab\"><div class=\"wwm-accordion-tab-title\">Vorarbeiter im Garten- und Landschaftsbau (M\/W\/D)<\/div><div class=\"wwm-accordion-tab-content\"><div id=\"pl-w6d82b576\"  class=\"panel-layout\" ><div id=\"pg-w6d82b576-0\"  class=\"panel-grid panel-has-style\" ><div class=\"panel-row-style panel-row-style-for-w6d82b576-0\" ><div id=\"pgc-w6d82b576-0-0\"  class=\"panel-grid-cell\" ><div id=\"panel-w6d82b576-0-0-0\" class=\"so-panel widget widget_wwm-text-widget panel-first-child panel-last-child\" data-index=\"0\" ><div class=\"panel-widget-style panel-widget-style-for-w6d82b576-0-0-0\" ><div\n\t\t\t\n\t\t\tclass=\"so-widget-wwm-text-widget so-widget-wwm-text-widget-base\"\n\t\t\t\n\t\t><div style=\"color:;\"><div style=\"padding:0px;\"><p>Lorem ipsum dolor sit amet, consetetur sadipscing elitr, sed diam nonumy eirmod tempor invidunt ut labore et dolore magna aliquyam erat, sed diam voluptua. At vero eos et accusam et justo duo dolores et ea rebum. Stet clita kasd gubergren, no sea takimata sanctus est Lorem ipsum dolor sit amet. Lorem ipsum dolor sit amet, consetetur sadipscing elitr, sed diam nonumy eirmod tempor invidunt ut labore et dolore magna aliquyam erat, sed diam voluptua. At vero eos et accusam et justo duo dolores et ea rebum. Stet clita kasd gubergren, no sea takimata sanctus est Lorem ipsum dolor sit amet.<\/p>\n<\/div><\/div><\/div><\/div><\/div><\/div><\/div><\/div><\/div><\/div><\/div><\/div>\r\n\r\n\r\n\r\n<\/div><\/div><\/div><div id=\"pgc-1552-1-1\"  class=\"panel-grid-cell\" ><div id=\"panel-1552-1-1-0\" class=\"so-panel widget widget_wwm-text-widget panel-first-child\" data-index=\"4\" ><div id=\"boxBewerbung\" class=\"panel-widget-style panel-widget-style-for-1552-1-1-0\" ><div\n\t\t\t\n\t\t\tclass=\"so-widget-wwm-text-widget so-widget-wwm-text-widget-base\"\n\t\t\t\n\t\t><div style=\"color:;\"><div style=\"padding:0px;\"><h3>Gefordert:<\/h3>\n<p>Anschreiben, Lebenslauf,<br \/>\nZeugnisse, Zertifikate<\/p>\n<\/div><\/div><\/div><\/div><\/div><div id=\"panel-1552-1-1-1\" class=\"so-panel widget widget_wwm-text-widget panel-last-child\" data-index=\"5\" ><div id=\"boxRueckfragen\" class=\"panel-widget-style panel-widget-style-for-1552-1-1-1\" ><div\n\t\t\t\n\t\t\tclass=\"so-widget-wwm-text-widget so-widget-wwm-text-widget-base\"\n\t\t\t\n\t\t><div style=\"color:;\"><div style=\"padding:0px;\"><h3>R\u00fcckfragen und<br \/>\nBewerbungen an:<\/h3>\n<p>Hofmeier Landschaftsbau Gmbh &amp; Co.KG<br \/>\nGewerbestra\u00dfe 13<br \/>\n79822 Titisee-Neustadt<br \/>\nMobil: +49 1714 1558 64<br \/>\ninfo@hofmeier-landschaftsbau.de<\/p>\n<\/div><\/div><\/div><\/div><\/div><\/div><\/div><div id=\"pg-1552-2\"  class=\"panel-grid panel-has-style\" ><div id=\"ueberuns\" class=\"panel-row-style panel-row-style-for-1552-2\" ><div id=\"pgc-1552-2-0\"  class=\"panel-grid-cell\" ><div id=\"panel-1552-2-0-0\" class=\"so-panel widget widget_siteorigin-panels-builder panel-first-child panel-last-child\" data-index=\"6\" ><div id=\"pl-w69e2005423060\"  class=\"panel-layout\" ><div id=\"pg-w69e2005423060-0\"  class=\"panel-grid panel-no-style\" ><div id=\"pgc-w69e2005423060-0-0\"  class=\"panel-grid-cell\" ><div id=\"panel-w69e2005423060-0-0-0\" class=\"so-panel widget widget_wwm-headline-widget panel-first-child panel-last-child\" data-index=\"0\" ><div\n\t\t\t\n\t\t\tclass=\"so-widget-wwm-headline-widget so-widget-wwm-headline-widget-base\"\n\t\t\t\n\t\t><h2 class=\"wwm-headline1\" style=\"text-align:center;\">Erleben Sie Kompetenz im Garten- und Landschaftsbau<\/h2><\/div><\/div><\/div><\/div><div id=\"pg-w69e2005423060-1\"  class=\"panel-grid panel-no-style\" ><div id=\"pgc-w69e2005423060-1-0\"  class=\"panel-grid-cell\" ><div id=\"panel-w69e2005423060-1-0-0\" class=\"so-panel widget widget_wwm-text-widget panel-first-child panel-last-child\" data-index=\"1\" ><div\n\t\t\t\n\t\t\tclass=\"so-widget-wwm-text-widget so-widget-wwm-text-widget-base\"\n\t\t\t\n\t\t><div style=\"color:;\"><div style=\"padding:0px;\"><p>Lorem ipsum dolor sit amet, consetetur sadipscing elitr, sed diam nonumy eirmod tempor invidunt ut labore et dolore magna aliquyam erat, sed diam voluptua. At vero eos et accusam et justo duo dolores et ea rebum. Stet clita kasd gubergren, no sea takimata sanctus est Lorem ipsum dolor sit amet. Lorem ipsum dolor sit amet, consetetur sadipscing elitr, sed diam nonumy eirmod tempor invidunt ut labore et dolore magna aliquyam erat, sed diam voluptua. At vero eos et accusam et justo duo dolores et ea rebum. Stet clita kasd gubergren, no sea takimata sanctus est Lorem ipsum dolor sit amet.<\/p>\n<\/div><\/div><\/div><\/div><\/div><div id=\"pgc-w69e2005423060-1-1\"  class=\"panel-grid-cell\" ><div id=\"panel-w69e2005423060-1-1-0\" class=\"so-panel widget widget_wwm-text-widget panel-first-child panel-last-child\" data-index=\"2\" ><div\n\t\t\t\n\t\t\tclass=\"so-widget-wwm-text-widget so-widget-wwm-text-widget-base\"\n\t\t\t\n\t\t><div style=\"color:;\"><div style=\"padding:0px;\"><p>Lorem ipsum dolor sit amet, consetetur sadipscing elitr, sed diam nonumy eirmod tempor invidunt ut labore et dolore magna aliquyam erat, sed diam voluptua. At vero eos et accusam et justo duo dolores et ea rebum. Stet clita kasd gubergren, no sea takimata sanctus est Lorem ipsum dolor sit amet. Lorem ipsum dolor sit amet, consetetur sadipscing elitr, sed diam nonumy eirmod tempor invidunt ut labore et dolore magna aliquyam erat, sed diam voluptua. At vero eos et accusam et justo duo dolores et ea rebum. Stet clita kasd gubergren, no sea takimata sanctus est Lorem ipsum dolor sit amet.<\/p>\n<\/div><\/div><\/div><\/div><\/div><\/div><\/div><\/div><\/div><\/div><\/div><div id=\"pg-1552-3\"  class=\"panel-grid panel-has-style\" ><div id=\"leistungen\" class=\"panel-row-style panel-row-style-for-1552-3\" ><div id=\"pgc-1552-3-0\"  class=\"panel-grid-cell\" ><div id=\"panel-1552-3-0-0\" class=\"so-panel widget widget_siteorigin-panels-builder panel-first-child panel-last-child\" data-index=\"7\" ><div id=\"pl-w69e2011376960\"  class=\"panel-layout\" ><div id=\"pg-w69e2011376960-0\"  class=\"panel-grid panel-no-style\" ><div id=\"pgc-w69e2011376960-0-0\"  class=\"panel-grid-cell\" ><div id=\"panel-w69e2011376960-0-0-0\" class=\"so-panel widget widget_wwm-headline-widget panel-first-child panel-last-child\" data-index=\"0\" ><div\n\t\t\t\n\t\t\tclass=\"so-widget-wwm-headline-widget so-widget-wwm-headline-widget-base\"\n\t\t\t\n\t\t><h2 class=\"wwm-headline1\" style=\"text-align:center;\">Unsere Leistungen<\/h2><\/div><\/div><\/div><\/div><div id=\"pg-w69e2011376960-1\"  class=\"panel-grid panel-no-style\" ><div id=\"pgc-w69e2011376960-1-0\"  class=\"panel-grid-cell panel-grid-cell-empty\" ><\/div><div id=\"pgc-w69e2011376960-1-1\"  class=\"panel-grid-cell panel-grid-cell-mobile-last\" ><div id=\"panel-w69e2011376960-1-1-0\" class=\"so-panel widget widget_siteorigin-panels-builder panel-first-child panel-last-child\" data-index=\"1\" ><div id=\"pl-w69e2011377b6b\"  class=\"panel-layout\" ><div id=\"pg-w69e2011377b6b-0\"  class=\"panel-grid panel-no-style\" ><div id=\"pgc-w69e2011377b6b-0-0\"  class=\"panel-grid-cell\" ><div id=\"panel-w69e2011377b6b-0-0-0\" class=\"so-panel widget widget_wwm-image-widget panel-first-child panel-last-child\" data-index=\"0\" ><div\n\t\t\t\n\t\t\tclass=\"so-widget-wwm-image-widget so-widget-wwm-image-widget-base\"\n\t\t\t\n\t\t><style>\r\n.wwm-image .image-043eedae-9bbb-4677-8091-e36d80bebc00{ \r\n}\r\n.wwm-image .image-043eedae-9bbb-4677-8091-e36d80bebc00:hover\r\n{ \r\n}\r\n@media only screen and (max-width: 768px)\r\n{\r\n\t.wwm-image .image-043eedae-9bbb-4677-8091-e36d80bebc00\t{ \r\n\t\t}\r\n}\r\n<\/style>\r\n\r\n<div class=\"wwm-image\" style=\"text-align:center\"><img decoding=\"async\" class=\"image-043eedae-9bbb-4677-8091-e36d80bebc00\" src=\"https:\/\/entwicklung.sinex.de\/hofmeier\/wp-content\/uploads\/HofmeierLaBau_Box-Galabau.png\" alt=\"\" width=\"100%\" title=\"\" \/><\/div><\/div><\/div><\/div><div id=\"pgc-w69e2011377b6b-0-1\"  class=\"panel-grid-cell\" ><div id=\"panel-w69e2011377b6b-0-1-0\" class=\"so-panel widget widget_wwm-image-widget panel-first-child panel-last-child\" data-index=\"1\" ><div\n\t\t\t\n\t\t\tclass=\"so-widget-wwm-image-widget so-widget-wwm-image-widget-base\"\n\t\t\t\n\t\t><style>\r\n.wwm-image .image-4789f5da-6b80-4334-9b84-ccd3772f9de5{ \r\n}\r\n.wwm-image .image-4789f5da-6b80-4334-9b84-ccd3772f9de5:hover\r\n{ \r\n}\r\n@media only screen and (max-width: 768px)\r\n{\r\n\t.wwm-image .image-4789f5da-6b80-4334-9b84-ccd3772f9de5\t{ \r\n\t\t}\r\n}\r\n<\/style>\r\n\r\n<div class=\"wwm-image\" style=\"text-align:center\"><img decoding=\"async\" class=\"image-4789f5da-6b80-4334-9b84-ccd3772f9de5\" src=\"https:\/\/entwicklung.sinex.de\/hofmeier\/wp-content\/uploads\/HofmeierLaBau_Box_wegebau.png\" alt=\"\" width=\"100%\" title=\"\" \/><\/div><\/div><\/div><\/div><\/div><div id=\"pg-w69e2011377b6b-1\"  class=\"panel-grid panel-no-style\" ><div id=\"pgc-w69e2011377b6b-1-0\"  class=\"panel-grid-cell\" ><div id=\"panel-w69e2011377b6b-1-0-0\" class=\"so-panel widget widget_wwm-image-widget panel-first-child panel-last-child\" data-index=\"2\" ><div\n\t\t\t\n\t\t\tclass=\"so-widget-wwm-image-widget so-widget-wwm-image-widget-base\"\n\t\t\t\n\t\t><style>\r\n.wwm-image .image-ddc8d371-a4b6-4b70-96fa-e4320d239b62{ \r\n}\r\n.wwm-image .image-ddc8d371-a4b6-4b70-96fa-e4320d239b62:hover\r\n{ \r\n}\r\n@media only screen and (max-width: 768px)\r\n{\r\n\t.wwm-image .image-ddc8d371-a4b6-4b70-96fa-e4320d239b62\t{ \r\n\t\t}\r\n}\r\n<\/style>\r\n\r\n<div class=\"wwm-image\" style=\"text-align:center\"><img decoding=\"async\" class=\"image-ddc8d371-a4b6-4b70-96fa-e4320d239b62\" src=\"https:\/\/entwicklung.sinex.de\/hofmeier\/wp-content\/uploads\/HofmeierLaBau_Box_tiefbau.png\" alt=\"\" width=\"100%\" title=\"\" \/><\/div><\/div><\/div><\/div><div id=\"pgc-w69e2011377b6b-1-1\"  class=\"panel-grid-cell\" ><div id=\"panel-w69e2011377b6b-1-1-0\" class=\"so-panel widget widget_wwm-image-widget panel-first-child panel-last-child\" data-index=\"3\" ><div\n\t\t\t\n\t\t\tclass=\"so-widget-wwm-image-widget so-widget-wwm-image-widget-base\"\n\t\t\t\n\t\t><style>\r\n.wwm-image .image-1db1e14e-92b8-4b87-85fa-28fbf2e08961{ \r\n}\r\n.wwm-image .image-1db1e14e-92b8-4b87-85fa-28fbf2e08961:hover\r\n{ \r\n}\r\n@media only screen and (max-width: 768px)\r\n{\r\n\t.wwm-image .image-1db1e14e-92b8-4b87-85fa-28fbf2e08961\t{ \r\n\t\t}\r\n}\r\n<\/style>\r\n\r\n<div class=\"wwm-image\" style=\"text-align:center\"><img decoding=\"async\" class=\"image-1db1e14e-92b8-4b87-85fa-28fbf2e08961\" src=\"https:\/\/entwicklung.sinex.de\/hofmeier\/wp-content\/uploads\/HofmeierLaBau_Box_transporte.png\" alt=\"\" width=\"100%\" title=\"\" \/><\/div><\/div><\/div><\/div><\/div><\/div><\/div><\/div><div id=\"pgc-w69e2011376960-1-2\"  class=\"panel-grid-cell panel-grid-cell-empty\" ><\/div><\/div><\/div><\/div><\/div><\/div><\/div><div id=\"pg-1552-4\"  class=\"panel-grid panel-has-style\" ><div class=\"siteorigin-panels-stretch panel-row-style panel-row-style-for-1552-4\" data-stretch-type=\"full-width-stretch\" ><div id=\"pgc-1552-4-0\"  class=\"panel-grid-cell\" ><div id=\"panel-1552-4-0-0\" class=\"so-panel widget widget_wwm-headline-widget panel-first-child\" data-index=\"8\" ><div\n\t\t\t\n\t\t\tclass=\"so-widget-wwm-headline-widget so-widget-wwm-headline-widget-base\"\n\t\t\t\n\t\t><h2 class=\"wwm-headline1\" style=\"text-align:center;\">Gr\u00fcne Oasen von uns erschaffen<\/h2><\/div><\/div><div id=\"panel-1552-4-0-1\" class=\"so-panel widget widget_sow-simple-masonry panel-last-child\" data-index=\"9\" ><div\n\t\t\t\n\t\t\tclass=\"so-widget-sow-simple-masonry so-widget-sow-simple-masonry-default-d75171398898-1552\"\n\t\t\t\n\t\t>\n\n<div class=\"sow-masonry-grid\"\n\tdata-layouts=\"{&quot;desktop&quot;:{&quot;numColumns&quot;:4,&quot;rowHeight&quot;:400,&quot;gutter&quot;:5},&quot;tablet&quot;:{&quot;breakPoint&quot;:768,&quot;numColumns&quot;:2,&quot;rowHeight&quot;:0,&quot;gutter&quot;:5},&quot;mobile&quot;:{&quot;breakPoint&quot;:480,&quot;numColumns&quot;:1,&quot;rowHeight&quot;:0,&quot;gutter&quot;:5}}\" data-layout-origin-left=\"true\" >\n\t\t\t\t<div class=\"sow-masonry-grid-item\" data-col-span=\"1\"\n\t\t\t\tdata-row-span=\"1\">\n\t\t\t\t\t\t\t\t\t<a href=\"https:\/\/entwicklung.sinex.de\/hofmeier\/wp-content\/uploads\/IMG-20260413-WA0045.jpg\"\n\t\t\t\t\t\t\t\t\t\t\t\t\t\t\t\t\t\tdata-lightbox=\"122366131369e203da5151f859498905\" \t\t\t\t\t\t\t\t\t\t\t\t\t\t\t\t\t\t\t\t\t\t\t\tdata-lightbox-options=\"{&quot;disableScrolling&quot;:true,&quot;overlayColor&quot;:&quot;#000&quot;,&quot;overlayOpacity&quot;:0.8000000000000000444089209850062616169452667236328125,&quot;fadeDuration&quot;:600,&quot;fitImagesInViewport&quot;:true,&quot;imageFadeDuration&quot;:600,&quot;maxHeight&quot;:false,&quot;maxWidth&quot;:false,&quot;positionFromTop&quot;:50,&quot;resizeDuration&quot;:700,&quot;showImageNumberLabel&quot;:true,&quot;wrapAround&quot;:true,&quot;alwaysShowNavOnTouchDevices&quot;:false,&quot;disabledOnTablet&quot;:false,&quot;disabledOnMobile&quot;:false,&quot;disableCaption&quot;:false,&quot;albumLabel&quot;:&quot; %1 of %2&quot;}\" \t\t\t\t\t\t\t\t\t\t\t>\n\t\t\t\t\n\t\t\t\t\n\t\t\t\t<img loading=\"lazy\" decoding=\"async\" width=\"1536\" height=\"2048\" src=\"https:\/\/entwicklung.sinex.de\/hofmeier\/wp-content\/uploads\/IMG-20260413-WA0045.jpg\" class=\"sow-masonry-grid-image\" alt=\"\" title=\"\" srcset=\"https:\/\/entwicklung.sinex.de\/hofmeier\/wp-content\/uploads\/IMG-20260413-WA0045.jpg 1536w, https:\/\/entwicklung.sinex.de\/hofmeier\/wp-content\/uploads\/IMG-20260413-WA0045-225x300.jpg 225w, https:\/\/entwicklung.sinex.de\/hofmeier\/wp-content\/uploads\/IMG-20260413-WA0045-768x1024.jpg 768w, https:\/\/entwicklung.sinex.de\/hofmeier\/wp-content\/uploads\/IMG-20260413-WA0045-1152x1536.jpg 1152w\" sizes=\"auto, (max-width: 1536px) 100vw, 1536px\" \/>\n\t\t\t\t\n\t\t\t\t\t\t\t\t\t<\/a>\n\t\t\t\t\t\t\t<\/div>\n\t\t\t\t\t\t<div class=\"sow-masonry-grid-item\" data-col-span=\"2\"\n\t\t\t\tdata-row-span=\"1\">\n\t\t\t\t\t\t\t\t\t<a href=\"https:\/\/entwicklung.sinex.de\/hofmeier\/wp-content\/uploads\/IMG-20230310-WA0003.jpg\"\n\t\t\t\t\t\t\t\t\t\t\t\t\t\t\t\t\t\tdata-lightbox=\"122366131369e203da5151f859498905\" \t\t\t\t\t\t\t\t\t\t\t\t\t\t\t\t\t\t\t\t\t\t\t\tdata-lightbox-options=\"{&quot;disableScrolling&quot;:true,&quot;overlayColor&quot;:&quot;#000&quot;,&quot;overlayOpacity&quot;:0.8000000000000000444089209850062616169452667236328125,&quot;fadeDuration&quot;:600,&quot;fitImagesInViewport&quot;:true,&quot;imageFadeDuration&quot;:600,&quot;maxHeight&quot;:false,&quot;maxWidth&quot;:false,&quot;positionFromTop&quot;:50,&quot;resizeDuration&quot;:700,&quot;showImageNumberLabel&quot;:true,&quot;wrapAround&quot;:true,&quot;alwaysShowNavOnTouchDevices&quot;:false,&quot;disabledOnTablet&quot;:false,&quot;disabledOnMobile&quot;:false,&quot;disableCaption&quot;:false,&quot;albumLabel&quot;:&quot; %1 of %2&quot;}\" \t\t\t\t\t\t\t\t\t\t\t>\n\t\t\t\t\n\t\t\t\t\n\t\t\t\t<img loading=\"lazy\" decoding=\"async\" width=\"1600\" height=\"960\" src=\"https:\/\/entwicklung.sinex.de\/hofmeier\/wp-content\/uploads\/IMG-20230310-WA0003.jpg\" class=\"sow-masonry-grid-image\" alt=\"\" title=\"\" srcset=\"https:\/\/entwicklung.sinex.de\/hofmeier\/wp-content\/uploads\/IMG-20230310-WA0003.jpg 1600w, https:\/\/entwicklung.sinex.de\/hofmeier\/wp-content\/uploads\/IMG-20230310-WA0003-300x180.jpg 300w, https:\/\/entwicklung.sinex.de\/hofmeier\/wp-content\/uploads\/IMG-20230310-WA0003-1024x614.jpg 1024w, https:\/\/entwicklung.sinex.de\/hofmeier\/wp-content\/uploads\/IMG-20230310-WA0003-768x461.jpg 768w, https:\/\/entwicklung.sinex.de\/hofmeier\/wp-content\/uploads\/IMG-20230310-WA0003-1536x922.jpg 1536w\" sizes=\"auto, (max-width: 1600px) 100vw, 1600px\" \/>\n\t\t\t\t\n\t\t\t\t\t\t\t\t\t<\/a>\n\t\t\t\t\t\t\t<\/div>\n\t\t\t\t\t\t<div class=\"sow-masonry-grid-item\" data-col-span=\"2\"\n\t\t\t\tdata-row-span=\"1\">\n\t\t\t\t\t\t\t\t\t<a href=\"https:\/\/entwicklung.sinex.de\/hofmeier\/wp-content\/uploads\/IMG-20230920-WA0002.jpg\"\n\t\t\t\t\t\t\t\t\t\t\t\t\t\t\t\t\t\tdata-lightbox=\"122366131369e203da5151f859498905\" \t\t\t\t\t\t\t\t\t\t\t\t\t\t\t\t\t\t\t\t\t\t\t\tdata-lightbox-options=\"{&quot;disableScrolling&quot;:true,&quot;overlayColor&quot;:&quot;#000&quot;,&quot;overlayOpacity&quot;:0.8000000000000000444089209850062616169452667236328125,&quot;fadeDuration&quot;:600,&quot;fitImagesInViewport&quot;:true,&quot;imageFadeDuration&quot;:600,&quot;maxHeight&quot;:false,&quot;maxWidth&quot;:false,&quot;positionFromTop&quot;:50,&quot;resizeDuration&quot;:700,&quot;showImageNumberLabel&quot;:true,&quot;wrapAround&quot;:true,&quot;alwaysShowNavOnTouchDevices&quot;:false,&quot;disabledOnTablet&quot;:false,&quot;disabledOnMobile&quot;:false,&quot;disableCaption&quot;:false,&quot;albumLabel&quot;:&quot; %1 of %2&quot;}\" \t\t\t\t\t\t\t\t\t\t\t>\n\t\t\t\t\n\t\t\t\t\n\t\t\t\t<img loading=\"lazy\" decoding=\"async\" width=\"1600\" height=\"1200\" src=\"https:\/\/entwicklung.sinex.de\/hofmeier\/wp-content\/uploads\/IMG-20230920-WA0002.jpg\" class=\"sow-masonry-grid-image\" alt=\"\" title=\"\" srcset=\"https:\/\/entwicklung.sinex.de\/hofmeier\/wp-content\/uploads\/IMG-20230920-WA0002.jpg 1600w, https:\/\/entwicklung.sinex.de\/hofmeier\/wp-content\/uploads\/IMG-20230920-WA0002-300x225.jpg 300w, https:\/\/entwicklung.sinex.de\/hofmeier\/wp-content\/uploads\/IMG-20230920-WA0002-1024x768.jpg 1024w, https:\/\/entwicklung.sinex.de\/hofmeier\/wp-content\/uploads\/IMG-20230920-WA0002-768x576.jpg 768w, https:\/\/entwicklung.sinex.de\/hofmeier\/wp-content\/uploads\/IMG-20230920-WA0002-1536x1152.jpg 1536w\" sizes=\"auto, (max-width: 1600px) 100vw, 1600px\" \/>\n\t\t\t\t\n\t\t\t\t\t\t\t\t\t<\/a>\n\t\t\t\t\t\t\t<\/div>\n\t\t\t\t\t\t<div class=\"sow-masonry-grid-item\" data-col-span=\"2\"\n\t\t\t\tdata-row-span=\"1\">\n\t\t\t\t\t\t\t\t\t<a href=\"https:\/\/entwicklung.sinex.de\/hofmeier\/wp-content\/uploads\/IMG-20260413-WA0017.jpg\"\n\t\t\t\t\t\t\t\t\t\t\t\t\t\t\t\t\t\tdata-lightbox=\"122366131369e203da5151f859498905\" \t\t\t\t\t\t\t\t\t\t\t\t\t\t\t\t\t\t\t\t\t\t\t\tdata-lightbox-options=\"{&quot;disableScrolling&quot;:true,&quot;overlayColor&quot;:&quot;#000&quot;,&quot;overlayOpacity&quot;:0.8000000000000000444089209850062616169452667236328125,&quot;fadeDuration&quot;:600,&quot;fitImagesInViewport&quot;:true,&quot;imageFadeDuration&quot;:600,&quot;maxHeight&quot;:false,&quot;maxWidth&quot;:false,&quot;positionFromTop&quot;:50,&quot;resizeDuration&quot;:700,&quot;showImageNumberLabel&quot;:true,&quot;wrapAround&quot;:true,&quot;alwaysShowNavOnTouchDevices&quot;:false,&quot;disabledOnTablet&quot;:false,&quot;disabledOnMobile&quot;:false,&quot;disableCaption&quot;:false,&quot;albumLabel&quot;:&quot; %1 of %2&quot;}\" \t\t\t\t\t\t\t\t\t\t\t>\n\t\t\t\t\n\t\t\t\t\n\t\t\t\t<img loading=\"lazy\" decoding=\"async\" width=\"2048\" height=\"1536\" src=\"https:\/\/entwicklung.sinex.de\/hofmeier\/wp-content\/uploads\/IMG-20260413-WA0017.jpg\" class=\"sow-masonry-grid-image\" alt=\"\" title=\"\" srcset=\"https:\/\/entwicklung.sinex.de\/hofmeier\/wp-content\/uploads\/IMG-20260413-WA0017.jpg 2048w, https:\/\/entwicklung.sinex.de\/hofmeier\/wp-content\/uploads\/IMG-20260413-WA0017-300x225.jpg 300w, https:\/\/entwicklung.sinex.de\/hofmeier\/wp-content\/uploads\/IMG-20260413-WA0017-1024x768.jpg 1024w, https:\/\/entwicklung.sinex.de\/hofmeier\/wp-content\/uploads\/IMG-20260413-WA0017-768x576.jpg 768w, https:\/\/entwicklung.sinex.de\/hofmeier\/wp-content\/uploads\/IMG-20260413-WA0017-1536x1152.jpg 1536w\" sizes=\"auto, (max-width: 2048px) 100vw, 2048px\" \/>\n\t\t\t\t\n\t\t\t\t\t\t\t\t\t<\/a>\n\t\t\t\t\t\t\t<\/div>\n\t\t\t\t\t\t<div class=\"sow-masonry-grid-item\" data-col-span=\"1\"\n\t\t\t\tdata-row-span=\"1\">\n\t\t\t\t\t\t\t\t\t<a href=\"https:\/\/entwicklung.sinex.de\/hofmeier\/wp-content\/uploads\/IMG-20210609-WA0004.jpg\"\n\t\t\t\t\t\t\t\t\t\t\t\t\t\t\t\t\t\tdata-lightbox=\"122366131369e203da5151f859498905\" \t\t\t\t\t\t\t\t\t\t\t\t\t\t\t\t\t\t\t\t\t\t\t\tdata-lightbox-options=\"{&quot;disableScrolling&quot;:true,&quot;overlayColor&quot;:&quot;#000&quot;,&quot;overlayOpacity&quot;:0.8000000000000000444089209850062616169452667236328125,&quot;fadeDuration&quot;:600,&quot;fitImagesInViewport&quot;:true,&quot;imageFadeDuration&quot;:600,&quot;maxHeight&quot;:false,&quot;maxWidth&quot;:false,&quot;positionFromTop&quot;:50,&quot;resizeDuration&quot;:700,&quot;showImageNumberLabel&quot;:true,&quot;wrapAround&quot;:true,&quot;alwaysShowNavOnTouchDevices&quot;:false,&quot;disabledOnTablet&quot;:false,&quot;disabledOnMobile&quot;:false,&quot;disableCaption&quot;:false,&quot;albumLabel&quot;:&quot; %1 of %2&quot;}\" \t\t\t\t\t\t\t\t\t\t\t>\n\t\t\t\t\n\t\t\t\t\n\t\t\t\t<img loading=\"lazy\" decoding=\"async\" width=\"1024\" height=\"768\" src=\"https:\/\/entwicklung.sinex.de\/hofmeier\/wp-content\/uploads\/IMG-20210609-WA0004.jpg\" class=\"sow-masonry-grid-image\" alt=\"\" title=\"\" srcset=\"https:\/\/entwicklung.sinex.de\/hofmeier\/wp-content\/uploads\/IMG-20210609-WA0004.jpg 1024w, https:\/\/entwicklung.sinex.de\/hofmeier\/wp-content\/uploads\/IMG-20210609-WA0004-300x225.jpg 300w, https:\/\/entwicklung.sinex.de\/hofmeier\/wp-content\/uploads\/IMG-20210609-WA0004-768x576.jpg 768w\" sizes=\"auto, (max-width: 1024px) 100vw, 1024px\" \/>\n\t\t\t\t\n\t\t\t\t\t\t\t\t\t<\/a>\n\t\t\t\t\t\t\t<\/div>\n\t\t\t\n<\/div>\n<\/div><\/div><\/div><\/div><\/div><\/div>","protected":false},"excerpt":{"rendered":"<p>Stellenangebote bei Hofmeier LandschaftsbauLorem ipsum dolor sit amet, consetetur sadipscing elitr, sed diam nonumy eirmod tempor invidunt ut labore et dolore magna aliquyam erat, sed diam voluptua. At vero eos et accusam et justo duo dolores et ea rebum. Stet clita kasd gubergren, no sea takimata sanctus est Lorem ipsum [&hellip;]<\/p>\n","protected":false},"author":3,"featured_media":0,"parent":0,"menu_order":0,"comment_status":"closed","ping_status":"closed","template":"","meta":{"_acf_changed":false,"footnotes":""},"class_list":["post-1552","page","type-page","status-publish","hentry"],"acf":[],"_links":{"self":[{"href":"https:\/\/entwicklung.sinex.de\/hofmeier\/wp-json\/wp\/v2\/pages\/1552","targetHints":{"allow":["GET"]}}],"collection":[{"href":"https:\/\/entwicklung.sinex.de\/hofmeier\/wp-json\/wp\/v2\/pages"}],"about":[{"href":"https:\/\/entwicklung.sinex.de\/hofmeier\/wp-json\/wp\/v2\/types\/page"}],"author":[{"embeddable":true,"href":"https:\/\/entwicklung.sinex.de\/hofmeier\/wp-json\/wp\/v2\/users\/3"}],"replies":[{"embeddable":true,"href":"https:\/\/entwicklung.sinex.de\/hofmeier\/wp-json\/wp\/v2\/comments?post=1552"}],"version-history":[{"count":30,"href":"https:\/\/entwicklung.sinex.de\/hofmeier\/wp-json\/wp\/v2\/pages\/1552\/revisions"}],"predecessor-version":[{"id":2262,"href":"https:\/\/entwicklung.sinex.de\/hofmeier\/wp-json\/wp\/v2\/pages\/1552\/revisions\/2262"}],"wp:attachment":[{"href":"https:\/\/entwicklung.sinex.de\/hofmeier\/wp-json\/wp\/v2\/media?parent=1552"}],"curies":[{"name":"wp","href":"https:\/\/api.w.org\/{rel}","templated":true}]}}