{"id":1552,"date":"2019-05-31T12:47:30","date_gmt":"2019-05-31T10:47:30","guid":{"rendered":"https:\/\/entwicklung.sinex.de\/groupfitness\/?page_id=1552"},"modified":"2026-04-23T15:22:08","modified_gmt":"2026-04-23T13:22:08","slug":"startseite","status":"publish","type":"page","link":"https:\/\/entwicklung.sinex.de\/groupfitness\/","title":{"rendered":"Startseite"},"content":{"rendered":"<div id=\"pl-1552\"  class=\"panel-layout\" ><div id=\"pg-1552-0\"  class=\"panel-grid panel-no-style\" ><div id=\"pgc-1552-0-0\"  class=\"panel-grid-cell\" ><div id=\"panel-1552-0-0-0\" class=\"so-panel widget widget_wwm-headline-widget panel-first-child panel-last-child\" data-index=\"0\" ><div\n\t\t\t\n\t\t\tclass=\"so-widget-wwm-headline-widget so-widget-wwm-headline-widget-base\"\n\t\t\t\n\t\t><h1 class=\"wwm-headline1\" style=\"text-align:center;\">8 Euro pro Einheit<\/h1><h3 class=\"wwm-headline2\" style=\"text-align:center;\">Worauf wartest Du noch?<\/h3><\/div><\/div><\/div><\/div><div id=\"pg-1552-1\"  class=\"panel-grid panel-no-style\" ><div id=\"pgc-1552-1-0\"  class=\"panel-grid-cell\" ><div id=\"panel-1552-1-0-0\" class=\"so-panel widget widget_wwm-text-widget panel-first-child panel-last-child\" data-index=\"1\" ><div\n\t\t\t\n\t\t\tclass=\"so-widget-wwm-text-widget so-widget-wwm-text-widget-base\"\n\t\t\t\n\t\t><div style=\"background:url();background-size:cover;color:;text-align:center;\"><div style=\"padding:0px;\"><p>Egal, ob du fitter werden, Stress abbauen oder einfach etwas f\u00fcr deine Gesundheit tun willst: Ich begleite dich auf deinem Weg. In pers\u00f6nlicher Atmosph\u00e4re, ohne Druck, aber mit viel Motivation und Spa\u00df.<\/p>\n<p>In meinem Fitness- und Kursraum trainierst du in kleinen Gruppen oder individuell \u2013 so, wie es am besten zu dir passt. F\u00fcr nur 8 Euro pro Einheit kannst du dir regelm\u00e4\u00dfig etwas Gutes tun und neue Energie tanken.<br \/>\nStarte jetzt \u2013 dein K\u00f6rper wird es dir danken.<\/p>\n<\/div><\/div><\/div><\/div><\/div><\/div><div id=\"pg-1552-2\"  class=\"panel-grid panel-no-style\" ><div id=\"pgc-1552-2-0\"  class=\"panel-grid-cell\" ><div id=\"panel-1552-2-0-0\" class=\"so-panel widget widget_so-premium-mirror-widget panel-first-child panel-last-child\" data-index=\"2\" ><div\n\t\t\t\n\t\t\tclass=\"so-widget-so-premium-mirror-widget so-widget-so-premium-mirror-widget-default-d75171398898-1552\"\n\t\t\t\n\t\t><div id=\"pl-w69ea2b0e9d2e3\"  class=\"panel-layout\" ><div id=\"pg-w69ea2b0e9d2e3-0\"  class=\"panel-grid panel-has-style\" ><div id=\"globalVersetzteBoxen\" class=\"panel-row-style panel-row-style-for-w69ea2b0e9d2e3-0\" ><div id=\"pgc-w69ea2b0e9d2e3-0-0\"  class=\"panel-grid-cell\" ><div id=\"box1\" class=\"panel-cell-style panel-cell-style-for-w69ea2b0e9d2e3-0-0\" ><div id=\"panel-w69ea2b0e9d2e3-0-0-0\" class=\"so-panel widget widget_wwm-image-box-widget panel-first-child panel-last-child\" data-index=\"0\" ><div\n\t\t\t\n\t\t\tclass=\"so-widget-wwm-image-box-widget so-widget-wwm-image-box-widget-base\"\n\t\t\t\n\t\t><a href=\"https:\/\/entwicklung.sinex.de\/groupfitness\/firmenfitness\/\" target=\"_self\"><div class=\"wwm-image-box\" style=\"background-image:url();\"><div class=\"textcontent\">Firmenfitness<\/div><\/div><\/a><\/div><\/div><\/div><\/div><div id=\"pgc-w69ea2b0e9d2e3-0-1\"  class=\"panel-grid-cell\" ><div id=\"box2\" class=\"panel-cell-style panel-cell-style-for-w69ea2b0e9d2e3-0-1\" ><div id=\"panel-w69ea2b0e9d2e3-0-1-0\" class=\"so-panel widget widget_wwm-image-box-widget panel-first-child panel-last-child\" data-index=\"1\" ><div\n\t\t\t\n\t\t\tclass=\"so-widget-wwm-image-box-widget so-widget-wwm-image-box-widget-base\"\n\t\t\t\n\t\t><a href=\"https:\/\/entwicklung.sinex.de\/groupfitness\/personaltraining\/\" target=\"_self\"><div class=\"wwm-image-box\" style=\"background-image:url();\"><div class=\"textcontent\">Personal<br \/>Training<\/div><\/div><\/a><\/div><\/div><\/div><\/div><div id=\"pgc-w69ea2b0e9d2e3-0-2\"  class=\"panel-grid-cell\" ><div id=\"box3\" class=\"panel-cell-style panel-cell-style-for-w69ea2b0e9d2e3-0-2\" ><div id=\"panel-w69ea2b0e9d2e3-0-2-0\" class=\"so-panel widget widget_wwm-image-box-widget panel-first-child panel-last-child\" data-index=\"2\" ><div\n\t\t\t\n\t\t\tclass=\"so-widget-wwm-image-box-widget so-widget-wwm-image-box-widget-base\"\n\t\t\t\n\t\t><a href=\"https:\/\/entwicklung.sinex.de\/groupfitness\/fit-mit-baby\/\" target=\"_self\"><div class=\"wwm-image-box\" style=\"background-image:url();\"><div class=\"textcontent\">Fit mit Baby<\/div><\/div><\/a><\/div><\/div><\/div><\/div><\/div><\/div><\/div><\/div><\/div><\/div><\/div><div id=\"pg-1552-3\"  class=\"panel-grid panel-has-style\" ><div class=\"siteorigin-panels-stretch panel-row-style panel-row-style-for-1552-3\" data-stretch-type=\"full-width-stretch\" ><div id=\"pgc-1552-3-0\"  class=\"panel-grid-cell\" ><div id=\"panel-1552-3-0-0\" class=\"so-panel widget widget_wwm-simple-parallax-image-widget panel-first-child\" data-index=\"3\" ><div\n\t\t\t\n\t\t\tclass=\"so-widget-wwm-simple-parallax-image-widget so-widget-wwm-simple-parallax-image-widget-base\"\n\t\t\t\n\t\t><div class=\"wwm-simple-parallax-image-wrapper\"><div class=\"wwm-simple-parallax-image\" style=\"background-image:url();min-height:370px;\"><div class=\"wwm-simple-parallax-content\"><div id=\"pl-w3446c60b\"  class=\"panel-layout\" ><div id=\"pg-w3446c60b-0\"  class=\"panel-grid panel-has-style\" ><div class=\"panel-row-style panel-row-style-for-w3446c60b-0\" ><div id=\"pgc-w3446c60b-0-0\"  class=\"panel-grid-cell panel-grid-cell-empty\" ><\/div><div id=\"pgc-w3446c60b-0-1\"  class=\"panel-grid-cell panel-grid-cell-mobile-last\" ><div id=\"panel-w3446c60b-0-1-0\" class=\"so-panel widget widget_wwm-button-widget panel-first-child panel-last-child\" data-index=\"0\" ><div class=\"panel-widget-style panel-widget-style-for-w3446c60b-0-1-0\" ><div\n\t\t\t\n\t\t\tclass=\"so-widget-wwm-button-widget so-widget-wwm-button-widget-base\"\n\t\t\t\n\t\t><div style=\"text-align:center;\"><a class=\"button custom-btn btn-0\" href=\"https:\/\/entwicklung.sinex.de\/groupfitness\/kursplan\/\" target=\"_self\">Kursplan<\/a><\/div><\/div><\/div><\/div><\/div><div id=\"pgc-w3446c60b-0-2\"  class=\"panel-grid-cell panel-grid-cell-empty\" ><\/div><\/div><\/div><\/div><\/div><\/div><\/div><\/div><\/div><div id=\"panel-1552-3-0-1\" class=\"so-panel widget widget_siteorigin-panels-builder\" data-index=\"4\" ><div id=\"pl-w69ea1d00040ef\"  class=\"panel-layout\" ><div id=\"pg-w69ea1d00040ef-0\"  class=\"panel-grid panel-no-style\" ><div id=\"pgc-w69ea1d00040ef-0-0\"  class=\"panel-grid-cell\" ><div id=\"panel-w69ea1d00040ef-0-0-0\" class=\"so-panel widget widget_wwm-headline-widget panel-first-child\" data-index=\"0\" ><div\n\t\t\t\n\t\t\tclass=\"so-widget-wwm-headline-widget so-widget-wwm-headline-widget-base\"\n\t\t\t\n\t\t><h2 class=\"wwm-headline1\" style=\"color:#de4287;text-align:center;\">Special Workshops<\/h2><h3 class=\"wwm-headline2\" style=\"color:#ffffff;text-align:center;\">Bleibe im Sport-Flow<\/h3><\/div><\/div><div id=\"panel-w69ea1d00040ef-0-0-1\" class=\"so-panel widget widget_wwm-text-widget panel-last-child\" data-index=\"1\" ><div\n\t\t\t\n\t\t\tclass=\"so-widget-wwm-text-widget so-widget-wwm-text-widget-base\"\n\t\t\t\n\t\t><div style=\"color:#ffffff;text-align:center;\"><div style=\"padding:0px;\"><p>Entdecke unsere Worshops-Special.<br \/>\nKlicke auf die Icons und lasse dich inspirieren.<\/p>\n<p>Infos folgen.<\/p>\n<\/div><\/div><\/div><\/div><\/div><\/div><div id=\"pg-w69ea1d00040ef-1\"  class=\"panel-grid panel-has-style\" ><div id=\"boxWorkout\" class=\"panel-row-style panel-row-style-for-w69ea1d00040ef-1\" ><div id=\"pgc-w69ea1d00040ef-1-0\"  class=\"panel-grid-cell panel-grid-cell-empty\" ><\/div><div id=\"pgc-w69ea1d00040ef-1-1\"  class=\"panel-grid-cell panel-grid-cell-mobile-last\" ><div id=\"panel-w69ea1d00040ef-1-1-0\" class=\"so-panel widget widget_siteorigin-panels-builder panel-first-child panel-last-child\" data-index=\"2\" ><div id=\"pl-w69ea1d00058ca\"  class=\"panel-layout\" ><div id=\"pg-w69ea1d00058ca-0\"  class=\"panel-grid panel-no-style\" ><div id=\"pgc-w69ea1d00058ca-0-0\"  class=\"panel-grid-cell\" ><div id=\"panel-w69ea1d00058ca-0-0-0\" class=\"so-panel widget widget_wwm-image-widget panel-first-child\" data-index=\"0\" ><div\n\t\t\t\n\t\t\tclass=\"so-widget-wwm-image-widget so-widget-wwm-image-widget-base\"\n\t\t\t\n\t\t><style>\r\n.wwm-image .image-4b04d76e-bc7f-4487-82fe-c321c0469896{ \r\n}\r\n.wwm-image .image-4b04d76e-bc7f-4487-82fe-c321c0469896:hover\r\n{ \r\n}\r\n@media only screen and (max-width: 768px)\r\n{\r\n\t.wwm-image .image-4b04d76e-bc7f-4487-82fe-c321c0469896\t{ \r\n\t\t}\r\n}\r\n<\/style>\r\n\r\n<div class=\"wwm-image\" style=\"text-align:center\"><img decoding=\"async\" class=\"image-4b04d76e-bc7f-4487-82fe-c321c0469896\" src=\"https:\/\/entwicklung.sinex.de\/groupfitness\/wp-content\/uploads\/dantino-icon-fruehstueck-workout.svg\" alt=\"\" width=70% title=\"\" \/><\/div><\/div><\/div><div id=\"panel-w69ea1d00058ca-0-0-1\" class=\"so-panel widget widget_wwm-headline-widget panel-last-child\" data-index=\"1\" ><div\n\t\t\t\n\t\t\tclass=\"so-widget-wwm-headline-widget so-widget-wwm-headline-widget-base\"\n\t\t\t\n\t\t><h4 class=\"wwm-headline1\" style=\"color:#ffffff;text-align:center;\">Fr\u00fchst\u00fccks-Flow<\/h4><\/div><\/div><\/div><div id=\"pgc-w69ea1d00058ca-0-1\"  class=\"panel-grid-cell\" ><div id=\"panel-w69ea1d00058ca-0-1-0\" class=\"so-panel widget widget_wwm-image-widget panel-first-child\" data-index=\"2\" ><div\n\t\t\t\n\t\t\tclass=\"so-widget-wwm-image-widget so-widget-wwm-image-widget-base\"\n\t\t\t\n\t\t><style>\r\n.wwm-image .image-f1af244c-81d9-46e1-8588-0240b81496d5{ \r\n}\r\n.wwm-image .image-f1af244c-81d9-46e1-8588-0240b81496d5:hover\r\n{ \r\n}\r\n@media only screen and (max-width: 768px)\r\n{\r\n\t.wwm-image .image-f1af244c-81d9-46e1-8588-0240b81496d5\t{ \r\n\t\t}\r\n}\r\n<\/style>\r\n\r\n<div class=\"wwm-image\" style=\"text-align:center\"><img decoding=\"async\" class=\"image-f1af244c-81d9-46e1-8588-0240b81496d5\" src=\"https:\/\/entwicklung.sinex.de\/groupfitness\/wp-content\/uploads\/dantino-icon-kino-workout.svg\" alt=\"\" width=70% title=\"\" \/><\/div><\/div><\/div><div id=\"panel-w69ea1d00058ca-0-1-1\" class=\"so-panel widget widget_wwm-headline-widget panel-last-child\" data-index=\"3\" ><div\n\t\t\t\n\t\t\tclass=\"so-widget-wwm-headline-widget so-widget-wwm-headline-widget-base\"\n\t\t\t\n\t\t><h4 class=\"wwm-headline1\" style=\"color:#ffffff;text-align:center;\">Kino-Flow<\/h4><\/div><\/div><\/div><div id=\"pgc-w69ea1d00058ca-0-2\"  class=\"panel-grid-cell\" ><div id=\"panel-w69ea1d00058ca-0-2-0\" class=\"so-panel widget widget_wwm-image-widget panel-first-child\" data-index=\"4\" ><div\n\t\t\t\n\t\t\tclass=\"so-widget-wwm-image-widget so-widget-wwm-image-widget-base\"\n\t\t\t\n\t\t><style>\r\n.wwm-image .image-4eb01e31-a72c-4136-99b4-b21256c23df0{ \r\n}\r\n.wwm-image .image-4eb01e31-a72c-4136-99b4-b21256c23df0:hover\r\n{ \r\n}\r\n@media only screen and (max-width: 768px)\r\n{\r\n\t.wwm-image .image-4eb01e31-a72c-4136-99b4-b21256c23df0\t{ \r\n\t\t}\r\n}\r\n<\/style>\r\n\r\n<div class=\"wwm-image\" style=\"text-align:center\"><img decoding=\"async\" class=\"image-4eb01e31-a72c-4136-99b4-b21256c23df0\" src=\"https:\/\/entwicklung.sinex.de\/groupfitness\/wp-content\/uploads\/dantino-icon-sunset-workout.svg\" alt=\"\" width=70% title=\"\" \/><\/div><\/div><\/div><div id=\"panel-w69ea1d00058ca-0-2-1\" class=\"so-panel widget widget_wwm-headline-widget panel-last-child\" data-index=\"5\" ><div\n\t\t\t\n\t\t\tclass=\"so-widget-wwm-headline-widget so-widget-wwm-headline-widget-base\"\n\t\t\t\n\t\t><h4 class=\"wwm-headline1\" style=\"color:#ffffff;text-align:center;\">Sunset-Session<\/h4><\/div><\/div><\/div><\/div><\/div><\/div><\/div><div id=\"pgc-w69ea1d00040ef-1-2\"  class=\"panel-grid-cell panel-grid-cell-empty\" ><\/div><\/div><\/div><\/div><\/div><div id=\"panel-1552-3-0-2\" class=\"so-panel widget widget_wwm-simple-parallax-image-widget panel-last-child\" data-index=\"5\" ><div\n\t\t\t\n\t\t\tclass=\"so-widget-wwm-simple-parallax-image-widget so-widget-wwm-simple-parallax-image-widget-base\"\n\t\t\t\n\t\t><div class=\"wwm-simple-parallax-image-wrapper\"><div class=\"wwm-simple-parallax-image\" style=\"background-image:url();min-height:370px;\"><div class=\"wwm-simple-parallax-content\"><div id=\"pl-wdf3af633\"  class=\"panel-layout\" ><div id=\"pg-wdf3af633-0\"  class=\"panel-grid panel-has-style\" ><div class=\"panel-row-style panel-row-style-for-wdf3af633-0\" ><div id=\"pgc-wdf3af633-0-0\"  class=\"panel-grid-cell panel-grid-cell-empty\" ><\/div><div id=\"pgc-wdf3af633-0-1\"  class=\"panel-grid-cell panel-grid-cell-mobile-last\" ><div id=\"panel-wdf3af633-0-1-0\" class=\"so-panel widget widget_wwm-button-widget panel-first-child panel-last-child\" data-index=\"0\" ><div class=\"panel-widget-style panel-widget-style-for-wdf3af633-0-1-0\" ><div\n\t\t\t\n\t\t\tclass=\"so-widget-wwm-button-widget so-widget-wwm-button-widget-base\"\n\t\t\t\n\t\t><div style=\"text-align:center;\"><a class=\"button custom-btn btn-0\" href=\"https:\/\/entwicklung.sinex.de\/groupfitness\/kursanfrage\/\" target=\"_self\">Kursanfrage<\/a><\/div><\/div><\/div><\/div><\/div><div id=\"pgc-wdf3af633-0-2\"  class=\"panel-grid-cell panel-grid-cell-empty\" ><\/div><\/div><\/div><\/div><\/div><\/div><\/div><\/div><\/div><\/div><\/div><\/div><div id=\"pg-1552-4\"  class=\"panel-grid panel-no-style\" ><div id=\"pgc-1552-4-0\"  class=\"panel-grid-cell\" ><div id=\"panel-1552-4-0-0\" class=\"so-panel widget widget_wwm-headline-widget panel-first-child panel-last-child\" data-index=\"6\" ><div\n\t\t\t\n\t\t\tclass=\"so-widget-wwm-headline-widget so-widget-wwm-headline-widget-base\"\n\t\t\t\n\t\t><h2 class=\"wwm-headline1\" style=\"text-align:center;\">Dein Mehrwert<\/h2><h3 class=\"wwm-headline2\" style=\"text-align:center;\">Ich bin Hansefit-Partner<\/h3><\/div><\/div><\/div><\/div><div id=\"pg-1552-5\"  class=\"panel-grid panel-no-style\" ><div id=\"pgc-1552-5-0\"  class=\"panel-grid-cell\" ><div id=\"panel-1552-5-0-0\" class=\"so-panel widget widget_wwm-text-widget panel-first-child panel-last-child\" data-index=\"7\" ><div\n\t\t\t\n\t\t\tclass=\"so-widget-wwm-text-widget so-widget-wwm-text-widget-base\"\n\t\t\t\n\t\t><div style=\"color:;\"><div style=\"padding:0px;\"><p>Als offizieller Partner von Hansefit kannst du bei mir ganz unkompliziert trainieren.<\/p>\n<p>Check dich einfach mit deiner Mitgliedschaft ein und nutze meine Kurse sowie den Trainingsbereich f\u00fcr deine Fitness, Gesundheit und dein Wohlbefinden.<\/p>\n<p>Ich freue mich auf dich!<\/p>\n<\/div><\/div><\/div><\/div><\/div><div id=\"pgc-1552-5-1\"  class=\"panel-grid-cell\" ><div id=\"panel-1552-5-1-0\" class=\"so-panel widget widget_wwm-image-widget panel-first-child panel-last-child\" data-index=\"8\" ><div\n\t\t\t\n\t\t\tclass=\"so-widget-wwm-image-widget so-widget-wwm-image-widget-base\"\n\t\t\t\n\t\t><style>\r\n.wwm-image .image-3c7635a4-fa6a-4353-ae1d-2e9d191bc4b1{ \r\n}\r\n.wwm-image .image-3c7635a4-fa6a-4353-ae1d-2e9d191bc4b1:hover\r\n{ \r\n}\r\n@media only screen and (max-width: 768px)\r\n{\r\n\t.wwm-image .image-3c7635a4-fa6a-4353-ae1d-2e9d191bc4b1\t{ \r\n\t\t}\r\n}\r\n<\/style>\r\n\r\n<div class=\"wwm-image\" style=\"text-align:left\"><img decoding=\"async\" class=\"image-3c7635a4-fa6a-4353-ae1d-2e9d191bc4b1\" src=\"https:\/\/entwicklung.sinex.de\/groupfitness\/wp-content\/uploads\/hansefit_kompakt_black.png\" alt=\"\" width=\"100%\" title=\"\" \/><\/div><\/div><\/div><\/div><\/div><div id=\"pg-1552-6\"  class=\"panel-grid panel-has-style\" ><div class=\"siteorigin-panels-stretch panel-row-style panel-row-style-for-1552-6\" data-stretch-type=\"full-width-stretch\" ><div id=\"pgc-1552-6-0\"  class=\"panel-grid-cell\" ><div id=\"panel-1552-6-0-0\" class=\"so-panel widget widget_siteorigin-panels-builder panel-first-child panel-last-child\" data-index=\"9\" ><div id=\"pl-w69ea1d0006ee6\"  class=\"panel-layout\" ><div id=\"pg-w69ea1d0006ee6-0\"  class=\"panel-grid panel-no-style\" ><div id=\"pgc-w69ea1d0006ee6-0-0\"  class=\"panel-grid-cell\" ><div id=\"panel-w69ea1d0006ee6-0-0-0\" class=\"so-panel widget widget_wwm-headline-widget panel-first-child\" data-index=\"0\" ><div\n\t\t\t\n\t\t\tclass=\"so-widget-wwm-headline-widget so-widget-wwm-headline-widget-base\"\n\t\t\t\n\t\t><h2 class=\"wwm-headline1\" style=\"color:#de4287;text-align:center;\">Aktuelles<\/h2><h3 class=\"wwm-headline2\" style=\"color:#ffffff;text-align:center;\">Aus dem Sportalltag<\/h3><\/div><\/div><div id=\"panel-w69ea1d0006ee6-0-0-1\" class=\"so-panel widget widget_wwm-text-widget panel-last-child\" data-index=\"1\" ><div\n\t\t\t\n\t\t\tclass=\"so-widget-wwm-text-widget so-widget-wwm-text-widget-base\"\n\t\t\t\n\t\t><div style=\"color:#ffffff;text-align:center;\"><div style=\"padding:0px;\"><p>#TODO INSTAGRAM<\/p>\n<\/div><\/div><\/div><\/div><\/div><\/div><\/div><\/div><\/div><\/div><\/div><\/div>","protected":false},"excerpt":{"rendered":"<p>8 Euro pro EinheitWorauf wartest Du noch?Egal, ob du fitter werden, Stress abbauen oder einfach etwas f\u00fcr deine Gesundheit tun willst: Ich begleite dich auf deinem Weg. In pers\u00f6nlicher Atmosph\u00e4re, ohne Druck, aber mit viel Motivation und Spa\u00df. In meinem Fitness- und Kursraum trainierst du in kleinen Gruppen oder individuell [&hellip;]<\/p>\n","protected":false},"author":3,"featured_media":0,"parent":0,"menu_order":0,"comment_status":"closed","ping_status":"closed","template":"","meta":{"_acf_changed":false,"footnotes":""},"class_list":["post-1552","page","type-page","status-publish","hentry"],"acf":[],"_links":{"self":[{"href":"https:\/\/entwicklung.sinex.de\/groupfitness\/wp-json\/wp\/v2\/pages\/1552","targetHints":{"allow":["GET"]}}],"collection":[{"href":"https:\/\/entwicklung.sinex.de\/groupfitness\/wp-json\/wp\/v2\/pages"}],"about":[{"href":"https:\/\/entwicklung.sinex.de\/groupfitness\/wp-json\/wp\/v2\/types\/page"}],"author":[{"embeddable":true,"href":"https:\/\/entwicklung.sinex.de\/groupfitness\/wp-json\/wp\/v2\/users\/3"}],"replies":[{"embeddable":true,"href":"https:\/\/entwicklung.sinex.de\/groupfitness\/wp-json\/wp\/v2\/comments?post=1552"}],"version-history":[{"count":30,"href":"https:\/\/entwicklung.sinex.de\/groupfitness\/wp-json\/wp\/v2\/pages\/1552\/revisions"}],"predecessor-version":[{"id":2329,"href":"https:\/\/entwicklung.sinex.de\/groupfitness\/wp-json\/wp\/v2\/pages\/1552\/revisions\/2329"}],"wp:attachment":[{"href":"https:\/\/entwicklung.sinex.de\/groupfitness\/wp-json\/wp\/v2\/media?parent=1552"}],"curies":[{"name":"wp","href":"https:\/\/api.w.org\/{rel}","templated":true}]}}